{"id":3123,"date":"2023-08-21T12:36:27","date_gmt":"2023-08-21T10:36:27","guid":{"rendered":"https:\/\/new.balencio.com\/communiceren\/rapportage\/"},"modified":"2026-04-14T10:37:08","modified_gmt":"2026-04-14T08:37:08","slug":"rapportage","status":"publish","type":"page","link":"https:\/\/balencio.com\/nl\/communiceren\/rapportage\/","title":{"rendered":"Rapportcreatie"},"content":{"rendered":"\n<div class=\"wp-block-grimlock-wrapper alignfull  wp-block-grimlock-wrapper--inner-narrower\" style=\"--grimlock-wrapper-background-color:#F8F9FA;--grimlock-wrapper-margin-bottom:0rem;--grimlock-wrapper-padding-top:4vw;--grimlock-wrapper-border-top:0 solid #00000000;--grimlock-wrapper-border-bottom:0 solid #00000000;--grimlock-wrapper-border-left:0 solid #00000000;--grimlock-wrapper-border-right:0 solid #00000000\"><div class=\"wp-block-grimlock-wrapper__bg\"><\/div><div class=\"wp-block-grimlock-wrapper__bg-overlay\"><\/div><div class=\"wp-block-grimlock-wrapper__inner\">\n<div class=\"wp-block-group\" data-aos=\"fade-up\" data-aos-duration=\"750\" data-aos-once=\"true\"><div class=\"wp-block-group__inner-container is-layout-constrained wp-block-group-is-layout-constrained\"><h2 class=\"wp-block-heading has-text-align-center has-black-color has-text-color has-text-bigger-font-size\" style=\"font-style:normal;font-weight:400;text-transform:uppercase\" id=\"communiceren\"><a href=\"https:\/\/balencio.com\/nl\/communiceren\/\" data-type=\"page\" data-id=\"402\">Communiceren<\/a><\/h2>\n\n\n<div style=\"height:0.5rem\" aria-hidden=\"true\" class=\"wp-block-spacer\"><\/div>\n\n\n<h1 class=\"has-text-align-center wp-block-post-title\">Rapportcreatie<\/h1>\n\n\n<div style=\"height:1rem\" aria-hidden=\"true\" class=\"wp-block-spacer\"><\/div>\n\n\n\n<p class=\"has-text-align-center has-text-bigger-font-size\">Genereer rapporten in slechts enkele klikken en pas ze eenvoudig aan je publiek aan. <\/p>\n\n\n\n<div style=\"height:2vw\" aria-hidden=\"true\" class=\"wp-block-spacer\"><\/div>\n<\/div><\/div>\n\n\n\t\t\t<div  class=\" wp-block-grimlock-divider alignfull grimlock-divider grimlock-divider--flip-shape-horizontally grimlock-divider--align-icon-center-center\" style=\"--grimlock-divider-shape-color:#F8F9FA;--grimlock-divider-icon-color:#000000;--grimlock-divider-background-color:#fefefe;--grimlock-divider-icon-size:20px;--grimlock-divider-height:100px;--grimlock-divider-margin-top:0px;--grimlock-divider-margin-bottom:0px;z-index:0;\"  >\n\t\t\t\t\n\t\t\t<div class=\"grimlock-divider__icon\">\n\n\t\t\t\t<svg width=\"40\" height=\"40\" xmlns=\"http:\/\/www.w3.org\/2000\/svg\" viewBox=\"0 0 40 40\"><\/svg>\n\n\t\t\t<\/div>\n\n\t\t\t\t\t\t\n\t\t\t<div class=\"grimlock-divider__shape\">\n\t\t\t\t<svg viewBox=\"0 0 1600 200\" xmlns=\"http:\/\/www.w3.org\/2000\/svg\" preserveAspectRatio=\"none\" class=\"grimlock-divider-svg grimlock-divider-svg--curve\" aria-hidden=\"true\"><path d=\"M1610 177.3C1423 122.9 1133.3 88 808 88c-334.7 0-631.8 37-818 94.1v28h1620v-32.8z\"><\/path><\/svg>\n\t\t\t<\/div>\n\n\t\t\t\t\t<\/div>\n\t\t<\/div><\/div>\n\n\n\n<div class=\"wp-block-grimlock-wrapper alignfull balencio-section-detail-plateforme\" style=\"--grimlock-wrapper-padding-top:12vw;--grimlock-wrapper-padding-bottom:12vw;--grimlock-wrapper-border-top:0 solid #00000000;--grimlock-wrapper-border-bottom:0 solid #00000000;--grimlock-wrapper-border-left:0 solid #00000000;--grimlock-wrapper-border-right:0 solid #00000000\"><div class=\"wp-block-grimlock-wrapper__bg\"><\/div><div class=\"wp-block-grimlock-wrapper__bg-overlay\"><\/div><div class=\"wp-block-grimlock-wrapper__inner\">\n<div class=\"wp-block-columns are-vertically-aligned-center is-not-stacked-on-mobile grimlock-columns-mobile-1 grimlock-columns-tablet-1 is-layout-flex wp-container-core-columns-is-layout-9d6595d7 wp-block-columns-is-layout-flex\">\n<div class=\"wp-block-column is-vertically-aligned-center is-layout-flow wp-block-column-is-layout-flow\" data-aos=\"fade-right\" data-aos-duration=\"750\" data-aos-once=\"true\"><div class=\"wp-block-image is-style-small-rounded\">\n<figure class=\"aligncenter size-large\"><img decoding=\"async\" width=\"899\" height=\"811\" src=\"https:\/\/balencio.com\/wp-content\/uploads\/2023\/08\/reporting-2.svg\" alt=\"Illustratie van een computer met een interface waar een personage een document presenteert, met aan de rechterkant een PDF-bestandspictogram en een downloadsymbool, om de raadpleging of export van een rapport op te roepen.\" class=\"wp-image-2925\"\/><\/figure>\n<\/div><\/div>\n\n\n\n<div class=\"wp-block-column is-vertically-aligned-center is-layout-flow wp-block-column-is-layout-flow\" data-aos=\"fade-left\" data-aos-duration=\"750\" data-aos-once=\"true\">\n<div class=\"wp-block-grimlock-wrapper  wp-block-grimlock-wrapper--inner-full\" style=\"--grimlock-wrapper-padding-top:2.5rem;--grimlock-wrapper-padding-right:3vw;--grimlock-wrapper-padding-bottom:2.5rem;--grimlock-wrapper-padding-left:3vw;--grimlock-wrapper-border-top:1px solid #EAECEF;--grimlock-wrapper-border-bottom:1px solid #EAECEF;--grimlock-wrapper-border-left:1px solid #EAECEF;--grimlock-wrapper-border-right:1px solid #EAECEF;--grimlock-wrapper-border-top-left-radius:24px;--grimlock-wrapper-border-top-right-radius:0px;--grimlock-wrapper-border-bottom-left-radius:24px;--grimlock-wrapper-border-bottom-right-radius:24px\"><div class=\"wp-block-grimlock-wrapper__bg\"><\/div><div class=\"wp-block-grimlock-wrapper__bg-overlay\"><\/div><div class=\"wp-block-grimlock-wrapper__inner\">\n<div class=\"wp-block-group\"><div class=\"wp-block-group__inner-container is-layout-constrained wp-block-group-is-layout-constrained\">\n<div class=\"wp-block-columns are-vertically-aligned-center is-not-stacked-on-mobile is-layout-flex wp-container-core-columns-is-layout-9d6595d7 wp-block-columns-is-layout-flex\">\n<div class=\"wp-block-column is-vertically-aligned-center is-layout-flow wp-block-column-is-layout-flow\" style=\"flex-basis:50px\">\n<div style=\"margin-top:0px;margin-bottom:0px;margin-left:0px;margin-right:0px\" class=\"wp-block-getwid-icon has-layout-stacked is-aligned-left\"><div class=\"wp-block-getwid-icon__wrapper has-background has-balencio-grey-100-background-color\" style=\"font-size:28px;padding:10px\"><i class=\"bx bx-badge-check\"><\/i><\/div><\/div>\n<\/div>\n\n\n\n<div class=\"wp-block-column is-vertically-aligned-center is-layout-flow wp-block-column-is-layout-flow\"><h3 class=\"wp-block-heading has-text-bigger-font-size\" id=\"bespaar-kostbare-tijd\"><strong>Bespaar kostbare tijd<\/strong> <\/h3><\/div>\n<\/div>\n\n\n\n<div class=\"wp-block-columns is-not-stacked-on-mobile is-layout-flex wp-container-core-columns-is-layout-9d6595d7 wp-block-columns-is-layout-flex\">\n<div class=\"wp-block-column is-layout-flow wp-block-column-is-layout-flow\" style=\"flex-basis:50px\"><\/div>\n\n\n\n<div class=\"wp-block-column is-layout-flow wp-block-column-is-layout-flow\">\n<p>U hoeft geen uren meer te besteden aan het consolideren en formatteren van gegevens! Balencio bouwt uw rapporten in enkele seconden. Zo kunt u zich richten op belangrijkere taken en werkt u effici\u00ebnter. <\/p>\n<\/div>\n<\/div>\n\n\n\n<div class=\"wp-block-columns are-vertically-aligned-center is-not-stacked-on-mobile is-layout-flex wp-container-core-columns-is-layout-9d6595d7 wp-block-columns-is-layout-flex\">\n<div class=\"wp-block-column is-vertically-aligned-center is-layout-flow wp-block-column-is-layout-flow\" style=\"flex-basis:50px\">\n<div style=\"margin-top:0px;margin-bottom:0px;margin-left:0px;margin-right:0px\" class=\"wp-block-getwid-icon has-layout-stacked is-aligned-left\"><div class=\"wp-block-getwid-icon__wrapper has-background has-balencio-grey-100-background-color\" style=\"font-size:28px;padding:10px\"><i class=\"bx bx-badge-check\"><\/i><\/div><\/div>\n<\/div>\n\n\n\n<div class=\"wp-block-column is-vertically-aligned-center is-layout-flow wp-block-column-is-layout-flow\"><h3 class=\"wp-block-heading has-text-bigger-font-size\" id=\"impactvol-en-visueel-aantrekkelijk\"><strong>Impactvol en visueel aantrekkelijk<\/strong> <\/h3><\/div>\n<\/div>\n\n\n\n<div class=\"wp-block-columns is-not-stacked-on-mobile is-layout-flex wp-container-core-columns-is-layout-9d6595d7 wp-block-columns-is-layout-flex\">\n<div class=\"wp-block-column is-layout-flow wp-block-column-is-layout-flow\" style=\"flex-basis:50px\"><\/div>\n\n\n\n<div class=\"wp-block-column is-layout-flow wp-block-column-is-layout-flow\">\n<p>Onze rapporten zijn ontworpen om gemakkelijk leesbaar en interpreteerbaar te zijn Belangrijke gegevens zijn duidelijk gemarkeerd voor een snelle en effici\u00ebnte leeservaring. <\/p>\n<\/div>\n<\/div>\n\n\n\n<div class=\"wp-block-columns are-vertically-aligned-center is-not-stacked-on-mobile is-layout-flex wp-container-core-columns-is-layout-9d6595d7 wp-block-columns-is-layout-flex\">\n<div class=\"wp-block-column is-vertically-aligned-center is-layout-flow wp-block-column-is-layout-flow\" style=\"flex-basis:50px\">\n<div style=\"margin-top:0px;margin-bottom:0px;margin-left:0px;margin-right:0px\" class=\"wp-block-getwid-icon has-layout-stacked is-aligned-left\"><div class=\"wp-block-getwid-icon__wrapper has-background has-balencio-grey-100-background-color\" style=\"font-size:28px;padding:10px\"><i class=\"bx bx-badge-check\"><\/i><\/div><\/div>\n<\/div>\n\n\n\n<div class=\"wp-block-column is-vertically-aligned-center is-layout-flow wp-block-column-is-layout-flow\"><h3 class=\"wp-block-heading has-text-bigger-font-size\" id=\"rapporten-voor-elk-publiek\"><strong>Rapporten voor elk publiek<\/strong> <\/h3><\/div>\n<\/div>\n\n\n\n<div class=\"wp-block-columns are-vertically-aligned-center is-not-stacked-on-mobile is-layout-flex wp-container-core-columns-is-layout-9d6595d7 wp-block-columns-is-layout-flex\">\n<div class=\"wp-block-column is-vertically-aligned-center is-layout-flow wp-block-column-is-layout-flow\" style=\"flex-basis:50px\"><\/div>\n\n\n\n<div class=\"wp-block-column is-vertically-aligned-center is-layout-flow wp-block-column-is-layout-flow\">\n<p class=\"has-text-bigger-font-size\">Stem de inhoud van uw rapporten af op het publiek waaraan u ze presenteert. Op deze manier kunt u de meest relevante gegevens presenteren voor elk specifiek doel en in de juiste taal. Hierdoor zal u impact vertienvoudigen! <\/p>\n<\/div>\n<\/div>\n<\/div><\/div>\n<\/div><\/div>\n<\/div>\n<\/div>\n<\/div><\/div>\n\n\n\n<div class=\"wp-block-grimlock-wrapper alignfull\" style=\"--grimlock-wrapper-background-color:#F8F9FA;--grimlock-wrapper-padding-top:6rem;--grimlock-wrapper-padding-right:0rem;--grimlock-wrapper-padding-bottom:4rem;--grimlock-wrapper-border-top:0 solid #00000000;--grimlock-wrapper-border-bottom:0 solid #00000000;--grimlock-wrapper-border-left:0 solid #00000000;--grimlock-wrapper-border-right:0 solid #00000000;--grimlock-wrapper-overflow:visible\" data-aos=\"fade\" data-aos-duration=\"750\" data-aos-once=\"true\"><div class=\"wp-block-grimlock-wrapper__bg\"><\/div><div class=\"wp-block-grimlock-wrapper__bg-overlay\"><\/div><div class=\"wp-block-grimlock-wrapper__inner\">\n<div class=\"wp-block-group\" data-aos=\"fade-down-left\" data-aos-duration=\"750\" data-aos-easing=\"ease-in-out\" data-aos-once=\"true\"><div class=\"wp-block-group__inner-container is-layout-constrained wp-block-group-is-layout-constrained\">\n<figure class=\"wp-block-image size-large is-resized floating--right\" data-aos=\"fade-down-left\" data-aos-duration=\"750\" data-aos-once=\"true\"><img decoding=\"async\" src=\"https:\/\/balencio.com\/wp-content\/uploads\/2023\/06\/plane-yellow.svg\" alt=\"\" class=\"wp-image-343\" style=\"width:243px;height:222px\" width=\"243\" height=\"222\"\/><\/figure>\n<\/div><\/div>\n\n\n\n<h2 class=\"wp-block-heading has-text-align-center\">Deze functionaliteiten zullen u <mark style=\"background-color:#FFC078\" class=\"has-inline-color\">zeker<\/mark> bevallen!<\/h2>\n\n\n\t\t\t<div data-aos-duration=\"750\" data-aos-once=\"true\" data-aos=\"fade-up\"  class=\" wp-block-grimlock-query grimlock-query grimlock-posts--3-3-3-3-cols-classic-slider grimlock-posts--per-page-4 grimlock-posts--type-page\" style=\"border-color:transparent;border-style:solid;border-width:0;\"  data-auto-slide-enabled=\"1\" data-slider-arrows-enabled=\"1\" data-slider-pagination=\"bullets\" data-slider-loop-enabled=\"\" data-slides-per-view=\"4\">\n\n\t\t\t\n\t\t\t<div class=\"swiper-container\">\n\t\t\t\t<div class=\"swiper-wrapper\">\n\n\t\t\n\t\t\t\t<article id=\"post-69e765bdc077a\" class=\"swiper-slide post-3196 page type-page status-publish has-post-thumbnail hentry\">\n\t\t\t\t\t\t<div class=\"card grimlock-post__card post__card\">\n\t\t\n\t\t<div class=\"card-body\">\n\t\t\t\t<header class=\"entry-header clearfix\">\n\t\t\t\t<i style=\"--balencio-header-title-background-color: var(--balencio-success-600);\" class=\"bx bx-pulse\"><\/i>\n\t\t<h2 class=\"entry-title\"><a href=\"https:\/\/balencio.com\/nl\/meten\/pulse-enquete\/\" rel=\"bookmark\" >Pulse-enqu\u00eate<\/a><\/h2>\t<\/header><!-- .entry-header -->\n\t\t\t\t<div class=\"entry-summary clearfix\">\n\t\t\t\t<p>Verkrijg waardevolle feedback van uw medewerkers over de onderwerpen die voor u van groot belang zijn. Met Balencio kunt u moeiteloos uw eigen vragenlijsten ontwerpen met slechts een paar klikken U heeft de vrijheid om zoveel vragen te stellen als u wenst. <\/p>\n\t\t\t<\/div><!-- .entry-summary -->\n\t\t\t\t<\/div><!-- .card-body -->\n\n\t\t\t<\/div><!-- .card -->\n\t\t\t\t\t<\/article><!-- #post-## -->\n\n\t\t\t\n\t\t\t\t<article id=\"post-69e765bdc2980\" class=\"swiper-slide post-3200 page type-page status-publish has-post-thumbnail hentry\">\n\t\t\t\t\t\t<div class=\"card grimlock-post__card post__card\">\n\t\t\n\t\t<div class=\"card-body\">\n\t\t\t\t<header class=\"entry-header clearfix\">\n\t\t\t\t<i style=\"--balencio-header-title-background-color: var(--balencio-success-600);\" class=\"bx bx-hive\"><\/i>\n\t\t<h2 class=\"entry-title\"><a href=\"https:\/\/balencio.com\/nl\/meten\/wetenschappelijke-scans\/\" rel=\"bookmark\" >Wetenschappelijke scans<\/a><\/h2>\t<\/header><!-- .entry-header -->\n\t\t\t\t<div class=\"entry-summary clearfix\">\n\t\t\t\t<p>Krijg een globale en objectieve kijk op uw menselijk kapitaal dankzij onze multifactori\u00eble modellen die gevalideerd zijn door UCLouvain.<\/p>\n\t\t\t<\/div><!-- .entry-summary -->\n\t\t\t\t<\/div><!-- .card-body -->\n\n\t\t\t<\/div><!-- .card -->\n\t\t\t\t\t<\/article><!-- #post-## -->\n\n\t\t\t\n\t\t\t\t<article id=\"post-69e765bdc3325\" class=\"swiper-slide post-3091 page type-page status-publish has-post-thumbnail hentry\">\n\t\t\t\t\t\t<div class=\"card grimlock-post__card post__card\">\n\t\t\n\t\t<div class=\"card-body\">\n\t\t\t\t<header class=\"entry-header clearfix\">\n\t\t\t\t<i style=\"--balencio-header-title-background-color: var(--balencio-blue-600);\" class=\"bx bx-category\"><\/i>\n\t\t<h2 class=\"entry-title\"><a href=\"https:\/\/balencio.com\/nl\/analyseren\/dashboard\/\" rel=\"bookmark\" >HR-dashboard<\/a><\/h2>\t<\/header><!-- .entry-header -->\n\t\t\t\t<div class=\"entry-summary clearfix\">\n\t\t\t\t<p>Beheer uw HR-kapitaal moeiteloos dankzij het dashboard van Balencio. <\/p>\n\t\t\t<\/div><!-- .entry-summary -->\n\t\t\t\t<\/div><!-- .card-body -->\n\n\t\t\t<\/div><!-- .card -->\n\t\t\t\t\t<\/article><!-- #post-## -->\n\n\t\t\t\n\t\t\t\t<article id=\"post-69e765bdc3db1\" class=\"swiper-slide post-3075 page type-page status-publish has-post-thumbnail hentry\">\n\t\t\t\t\t\t<div class=\"card grimlock-post__card post__card\">\n\t\t\n\t\t<div class=\"card-body\">\n\t\t\t\t<header class=\"entry-header clearfix\">\n\t\t\t\t<i style=\"--balencio-header-title-background-color: var(--balencio-primary-600);\" class=\"bx bx-category-alt\"><\/i>\n\t\t<h2 class=\"entry-title\"><a href=\"https:\/\/balencio.com\/nl\/actie-ondernemen\/prioriteitenmatrix\/\" rel=\"bookmark\" >Prioriteitenmatrix<\/a><\/h2>\t<\/header><!-- .entry-header -->\n\t\t\t\t<div class=\"entry-summary clearfix\">\n\t\t\t\t<p>Bekijk in \u00e9\u00e9n oogopslag de sterke punten die u verder kunt ontwikkelen en de gebieden waar u aan moet werken met behulp van onze prioriteitenmatrix. <\/p>\n\t\t\t<\/div><!-- .entry-summary -->\n\t\t\t\t<\/div><!-- .card-body -->\n\n\t\t\t<\/div><!-- .card -->\n\t\t\t\t\t<\/article><!-- #post-## -->\n\n\t\t\t\n\t\t\t\t\t<\/div><!-- .swiper-wrapper -->\n\n\t\t\t\t\n\t\t\t\t\t<div class=\"swiper-pagination\"><\/div><!-- swiper-pagination -->\n\n\t\t\t\t\n\t\t\t<\/div><!-- .swiper-container -->\n\n\n\t\t\t\n\t\t\t\t<div class=\"swiper-button-prev\"><\/div>\n\t\t\t\t<div class=\"swiper-button-next\"><\/div>\n\n\t\t\t\n\t\t\t<\/div><!-- .grimlock-region -->\n\t\t<\/div><\/div>\n\n\n","protected":false},"excerpt":{"rendered":"<p>Genereer rapporten in slechts enkele klikken en pas ze eenvoudig aan je publiek aan. <\/p>\n","protected":false},"author":3,"featured_media":2923,"parent":3033,"menu_order":0,"comment_status":"closed","ping_status":"closed","template":"template-full-width-no-header.php","meta":{"_acf_changed":false,"inline_featured_image":false,"footnotes":""},"class_list":["post-3123","page","type-page","status-publish","has-post-thumbnail","hentry"],"acf":[],"yoast_head":"<!-- This site is optimized with the Yoast SEO plugin v27.3 - https:\/\/yoast.com\/product\/yoast-seo-wordpress\/ -->\n<title>Rapportcreatie - Balencio<\/title>\n<meta name=\"description\" content=\"Genereer uw HR-rapporten in enkele klikken. en pas ze eenvoudig aan je publiek aan. Vergroot uw impact!\" \/>\n<meta name=\"robots\" content=\"index, follow, max-snippet:-1, max-image-preview:large, max-video-preview:-1\" \/>\n<link rel=\"canonical\" href=\"https:\/\/balencio.com\/nl\/communiceren\/rapportage\/\" \/>\n<meta property=\"og:locale\" content=\"nl_NL\" \/>\n<meta property=\"og:type\" content=\"article\" \/>\n<meta property=\"og:title\" content=\"Rapportcreatie - Balencio\" \/>\n<meta property=\"og:description\" content=\"Genereer uw HR-rapporten in enkele klikken. en pas ze eenvoudig aan je publiek aan. Vergroot uw impact!\" \/>\n<meta property=\"og:url\" content=\"https:\/\/balencio.com\/nl\/communiceren\/rapportage\/\" \/>\n<meta property=\"og:site_name\" content=\"Balencio\" \/>\n<meta property=\"article:modified_time\" content=\"2026-04-14T08:37:08+00:00\" \/>\n<meta name=\"twitter:card\" content=\"summary_large_image\" \/>\n<meta name=\"twitter:label1\" content=\"Geschatte leestijd\" \/>\n\t<meta name=\"twitter:data1\" content=\"2 minuten\" \/>\n<script type=\"application\/ld+json\" class=\"yoast-schema-graph\">{\"@context\":\"https:\\\/\\\/schema.org\",\"@graph\":[{\"@type\":\"WebPage\",\"@id\":\"https:\\\/\\\/balencio.com\\\/nl\\\/communiceren\\\/rapportage\\\/\",\"url\":\"https:\\\/\\\/balencio.com\\\/nl\\\/communiceren\\\/rapportage\\\/\",\"name\":\"Rapportcreatie - Balencio\",\"isPartOf\":{\"@id\":\"https:\\\/\\\/balencio.com\\\/nl\\\/#website\"},\"primaryImageOfPage\":{\"@id\":\"https:\\\/\\\/balencio.com\\\/nl\\\/communiceren\\\/rapportage\\\/#primaryimage\"},\"image\":{\"@id\":\"https:\\\/\\\/balencio.com\\\/nl\\\/communiceren\\\/rapportage\\\/#primaryimage\"},\"thumbnailUrl\":\"https:\\\/\\\/balencio.com\\\/wp-content\\\/uploads\\\/2023\\\/08\\\/reporting.svg\",\"datePublished\":\"2023-08-21T10:36:27+00:00\",\"dateModified\":\"2026-04-14T08:37:08+00:00\",\"description\":\"Genereer uw HR-rapporten in enkele klikken. en pas ze eenvoudig aan je publiek aan. Vergroot uw impact!\",\"breadcrumb\":{\"@id\":\"https:\\\/\\\/balencio.com\\\/nl\\\/communiceren\\\/rapportage\\\/#breadcrumb\"},\"inLanguage\":\"nl-NL\",\"potentialAction\":[{\"@type\":\"ReadAction\",\"target\":[\"https:\\\/\\\/balencio.com\\\/nl\\\/communiceren\\\/rapportage\\\/\"]}]},{\"@type\":\"ImageObject\",\"inLanguage\":\"nl-NL\",\"@id\":\"https:\\\/\\\/balencio.com\\\/nl\\\/communiceren\\\/rapportage\\\/#primaryimage\",\"url\":\"https:\\\/\\\/balencio.com\\\/wp-content\\\/uploads\\\/2023\\\/08\\\/reporting.svg\",\"contentUrl\":\"https:\\\/\\\/balencio.com\\\/wp-content\\\/uploads\\\/2023\\\/08\\\/reporting.svg\",\"width\":654,\"height\":497,\"caption\":\"Illustration d\u2019un ordinateur affichant une interface o\u00f9 une personne pr\u00e9sente un document, avec \u00e0 droite une ic\u00f4ne de fichier PDF et un symbole de t\u00e9l\u00e9chargement, pour \u00e9voquer la consultation ou l\u2019exportation d\u2019un rapport.\"},{\"@type\":\"BreadcrumbList\",\"@id\":\"https:\\\/\\\/balencio.com\\\/nl\\\/communiceren\\\/rapportage\\\/#breadcrumb\",\"itemListElement\":[{\"@type\":\"ListItem\",\"position\":1,\"name\":\"Home\",\"item\":\"https:\\\/\\\/balencio.com\\\/nl\\\/\"},{\"@type\":\"ListItem\",\"position\":2,\"name\":\"Communiceren\",\"item\":\"https:\\\/\\\/balencio.com\\\/nl\\\/communiceren\\\/\"},{\"@type\":\"ListItem\",\"position\":3,\"name\":\"Rapportcreatie\"}]},{\"@type\":\"WebSite\",\"@id\":\"https:\\\/\\\/balencio.com\\\/nl\\\/#website\",\"url\":\"https:\\\/\\\/balencio.com\\\/nl\\\/\",\"name\":\"Balencio\",\"description\":\"Expert en gestion du capital humain\",\"publisher\":{\"@id\":\"https:\\\/\\\/balencio.com\\\/nl\\\/#organization\"},\"potentialAction\":[{\"@type\":\"SearchAction\",\"target\":{\"@type\":\"EntryPoint\",\"urlTemplate\":\"https:\\\/\\\/balencio.com\\\/nl\\\/?s={search_term_string}\"},\"query-input\":{\"@type\":\"PropertyValueSpecification\",\"valueRequired\":true,\"valueName\":\"search_term_string\"}}],\"inLanguage\":\"nl-NL\"},{\"@type\":\"Organization\",\"@id\":\"https:\\\/\\\/balencio.com\\\/nl\\\/#organization\",\"name\":\"Balencio\",\"url\":\"https:\\\/\\\/balencio.com\\\/nl\\\/\",\"logo\":{\"@type\":\"ImageObject\",\"inLanguage\":\"nl-NL\",\"@id\":\"https:\\\/\\\/balencio.com\\\/nl\\\/#\\\/schema\\\/logo\\\/image\\\/\",\"url\":\"https:\\\/\\\/balencio.com\\\/wp-content\\\/uploads\\\/2023\\\/06\\\/logo.svg\",\"contentUrl\":\"https:\\\/\\\/balencio.com\\\/wp-content\\\/uploads\\\/2023\\\/06\\\/logo.svg\",\"width\":\"1024\",\"height\":\"1024\",\"caption\":\"Balencio\"},\"image\":{\"@id\":\"https:\\\/\\\/balencio.com\\\/nl\\\/#\\\/schema\\\/logo\\\/image\\\/\"},\"sameAs\":[\"https:\\\/\\\/be.linkedin.com\\\/company\\\/balencio\"]}]}<\/script>\n<!-- \/ Yoast SEO plugin. -->","yoast_head_json":{"title":"Rapportcreatie - Balencio","description":"Genereer uw HR-rapporten in enkele klikken. en pas ze eenvoudig aan je publiek aan. Vergroot uw impact!","robots":{"index":"index","follow":"follow","max-snippet":"max-snippet:-1","max-image-preview":"max-image-preview:large","max-video-preview":"max-video-preview:-1"},"canonical":"https:\/\/balencio.com\/nl\/communiceren\/rapportage\/","og_locale":"nl_NL","og_type":"article","og_title":"Rapportcreatie - Balencio","og_description":"Genereer uw HR-rapporten in enkele klikken. en pas ze eenvoudig aan je publiek aan. Vergroot uw impact!","og_url":"https:\/\/balencio.com\/nl\/communiceren\/rapportage\/","og_site_name":"Balencio","article_modified_time":"2026-04-14T08:37:08+00:00","twitter_card":"summary_large_image","twitter_misc":{"Geschatte leestijd":"2 minuten"},"schema":{"@context":"https:\/\/schema.org","@graph":[{"@type":"WebPage","@id":"https:\/\/balencio.com\/nl\/communiceren\/rapportage\/","url":"https:\/\/balencio.com\/nl\/communiceren\/rapportage\/","name":"Rapportcreatie - Balencio","isPartOf":{"@id":"https:\/\/balencio.com\/nl\/#website"},"primaryImageOfPage":{"@id":"https:\/\/balencio.com\/nl\/communiceren\/rapportage\/#primaryimage"},"image":{"@id":"https:\/\/balencio.com\/nl\/communiceren\/rapportage\/#primaryimage"},"thumbnailUrl":"https:\/\/balencio.com\/wp-content\/uploads\/2023\/08\/reporting.svg","datePublished":"2023-08-21T10:36:27+00:00","dateModified":"2026-04-14T08:37:08+00:00","description":"Genereer uw HR-rapporten in enkele klikken. en pas ze eenvoudig aan je publiek aan. Vergroot uw impact!","breadcrumb":{"@id":"https:\/\/balencio.com\/nl\/communiceren\/rapportage\/#breadcrumb"},"inLanguage":"nl-NL","potentialAction":[{"@type":"ReadAction","target":["https:\/\/balencio.com\/nl\/communiceren\/rapportage\/"]}]},{"@type":"ImageObject","inLanguage":"nl-NL","@id":"https:\/\/balencio.com\/nl\/communiceren\/rapportage\/#primaryimage","url":"https:\/\/balencio.com\/wp-content\/uploads\/2023\/08\/reporting.svg","contentUrl":"https:\/\/balencio.com\/wp-content\/uploads\/2023\/08\/reporting.svg","width":654,"height":497,"caption":"Illustration d\u2019un ordinateur affichant une interface o\u00f9 une personne pr\u00e9sente un document, avec \u00e0 droite une ic\u00f4ne de fichier PDF et un symbole de t\u00e9l\u00e9chargement, pour \u00e9voquer la consultation ou l\u2019exportation d\u2019un rapport."},{"@type":"BreadcrumbList","@id":"https:\/\/balencio.com\/nl\/communiceren\/rapportage\/#breadcrumb","itemListElement":[{"@type":"ListItem","position":1,"name":"Home","item":"https:\/\/balencio.com\/nl\/"},{"@type":"ListItem","position":2,"name":"Communiceren","item":"https:\/\/balencio.com\/nl\/communiceren\/"},{"@type":"ListItem","position":3,"name":"Rapportcreatie"}]},{"@type":"WebSite","@id":"https:\/\/balencio.com\/nl\/#website","url":"https:\/\/balencio.com\/nl\/","name":"Balencio","description":"Expert en gestion du capital humain","publisher":{"@id":"https:\/\/balencio.com\/nl\/#organization"},"potentialAction":[{"@type":"SearchAction","target":{"@type":"EntryPoint","urlTemplate":"https:\/\/balencio.com\/nl\/?s={search_term_string}"},"query-input":{"@type":"PropertyValueSpecification","valueRequired":true,"valueName":"search_term_string"}}],"inLanguage":"nl-NL"},{"@type":"Organization","@id":"https:\/\/balencio.com\/nl\/#organization","name":"Balencio","url":"https:\/\/balencio.com\/nl\/","logo":{"@type":"ImageObject","inLanguage":"nl-NL","@id":"https:\/\/balencio.com\/nl\/#\/schema\/logo\/image\/","url":"https:\/\/balencio.com\/wp-content\/uploads\/2023\/06\/logo.svg","contentUrl":"https:\/\/balencio.com\/wp-content\/uploads\/2023\/06\/logo.svg","width":"1024","height":"1024","caption":"Balencio"},"image":{"@id":"https:\/\/balencio.com\/nl\/#\/schema\/logo\/image\/"},"sameAs":["https:\/\/be.linkedin.com\/company\/balencio"]}]}},"_links":{"self":[{"href":"https:\/\/balencio.com\/nl\/wp-json\/wp\/v2\/pages\/3123","targetHints":{"allow":["GET"]}}],"collection":[{"href":"https:\/\/balencio.com\/nl\/wp-json\/wp\/v2\/pages"}],"about":[{"href":"https:\/\/balencio.com\/nl\/wp-json\/wp\/v2\/types\/page"}],"author":[{"embeddable":true,"href":"https:\/\/balencio.com\/nl\/wp-json\/wp\/v2\/users\/3"}],"replies":[{"embeddable":true,"href":"https:\/\/balencio.com\/nl\/wp-json\/wp\/v2\/comments?post=3123"}],"version-history":[{"count":4,"href":"https:\/\/balencio.com\/nl\/wp-json\/wp\/v2\/pages\/3123\/revisions"}],"predecessor-version":[{"id":8427,"href":"https:\/\/balencio.com\/nl\/wp-json\/wp\/v2\/pages\/3123\/revisions\/8427"}],"up":[{"embeddable":true,"href":"https:\/\/balencio.com\/nl\/wp-json\/wp\/v2\/pages\/3033"}],"wp:featuredmedia":[{"embeddable":true,"href":"https:\/\/balencio.com\/nl\/wp-json\/wp\/v2\/media\/2923"}],"wp:attachment":[{"href":"https:\/\/balencio.com\/nl\/wp-json\/wp\/v2\/media?parent=3123"}],"curies":[{"name":"wp","href":"https:\/\/api.w.org\/{rel}","templated":true}]}}