{"id":3075,"date":"2023-08-21T14:30:51","date_gmt":"2023-08-21T12:30:51","guid":{"rendered":"https:\/\/new.balencio.com\/actie-ondernemen\/prioriteitenmatrix\/"},"modified":"2023-09-12T12:06:36","modified_gmt":"2023-09-12T10:06:36","slug":"prioriteitenmatrix","status":"publish","type":"page","link":"https:\/\/balencio.com\/nl\/actie-ondernemen\/prioriteitenmatrix\/","title":{"rendered":"Prioriteitenmatrix"},"content":{"rendered":"\n<div class=\"wp-block-grimlock-wrapper alignfull  wp-block-grimlock-wrapper--inner-narrower\" style=\"--grimlock-wrapper-background-color:#F8F9FA;--grimlock-wrapper-margin-bottom:0rem;--grimlock-wrapper-padding-top:4vw;--grimlock-wrapper-border-top:0 solid #00000000;--grimlock-wrapper-border-bottom:0 solid #00000000;--grimlock-wrapper-border-left:0 solid #00000000;--grimlock-wrapper-border-right:0 solid #00000000\"><div class=\"wp-block-grimlock-wrapper__bg\"><\/div><div class=\"wp-block-grimlock-wrapper__bg-overlay\"><\/div><div class=\"wp-block-grimlock-wrapper__inner\">\n<div class=\"wp-block-group\" data-aos=\"fade-up\" data-aos-duration=\"750\" data-aos-once=\"true\"><div class=\"wp-block-group__inner-container is-layout-constrained wp-block-group-is-layout-constrained\"><h2 class=\"wp-block-heading has-text-align-center has-black-color has-text-color has-text-bigger-font-size\" style=\"font-style:normal;font-weight:400;text-transform:uppercase\" id=\"actie-ondernemen\"><a href=\"https:\/\/balencio.com\/nl\/actie-ondernemen\/\" data-type=\"page\" data-id=\"402\">Actie ondernemen<\/a><\/h2>\n\n\n<div style=\"height:0.5rem\" aria-hidden=\"true\" class=\"wp-block-spacer\"><\/div>\n\n\n<h1 class=\"has-text-align-center wp-block-post-title\">Prioriteitenmatrix<\/h1>\n\n\n<div style=\"height:1rem\" aria-hidden=\"true\" class=\"wp-block-spacer\"><\/div>\n\n\n\n<p class=\"has-text-align-center has-text-bigger-font-size\">Bekijk in \u00e9\u00e9n oogopslag de sterke punten die u verder kunt ontwikkelen en de gebieden waar u aan moet werken met behulp van onze prioriteitenmatrix. <\/p>\n\n\n\n<div style=\"height:2vw\" aria-hidden=\"true\" class=\"wp-block-spacer\"><\/div>\n<\/div><\/div>\n\n\n\t\t\t<div  class=\" wp-block-grimlock-divider alignfull grimlock-divider grimlock-divider--flip-shape-horizontally grimlock-divider--align-icon-center-center\" style=\"--grimlock-divider-shape-color:#F8F9FA;--grimlock-divider-icon-color:#000000;--grimlock-divider-background-color:#fefefe;--grimlock-divider-icon-size:20px;--grimlock-divider-height:100px;--grimlock-divider-margin-top:0px;--grimlock-divider-margin-bottom:0px;z-index:0;\"  >\n\t\t\t\t\n\t\t\t<div class=\"grimlock-divider__icon\">\n\n\t\t\t\t<svg width=\"40\" height=\"40\" xmlns=\"http:\/\/www.w3.org\/2000\/svg\" viewBox=\"0 0 40 40\"><\/svg>\n\n\t\t\t<\/div>\n\n\t\t\t\t\t\t\n\t\t\t<div class=\"grimlock-divider__shape\">\n\t\t\t\t<svg viewBox=\"0 0 1600 200\" xmlns=\"http:\/\/www.w3.org\/2000\/svg\" preserveAspectRatio=\"none\" class=\"grimlock-divider-svg grimlock-divider-svg--curve\" aria-hidden=\"true\"><path d=\"M1610 177.3C1423 122.9 1133.3 88 808 88c-334.7 0-631.8 37-818 94.1v28h1620v-32.8z\"><\/path><\/svg>\n\t\t\t<\/div>\n\n\t\t\t\t\t<\/div>\n\t\t<\/div><\/div>\n\n<div class=\"wp-block-grimlock-wrapper alignfull balencio-section-detail-plateforme\" style=\"--grimlock-wrapper-padding-top:12vw;--grimlock-wrapper-padding-bottom:12vw;--grimlock-wrapper-border-top:0 solid #00000000;--grimlock-wrapper-border-bottom:0 solid #00000000;--grimlock-wrapper-border-left:0 solid #00000000;--grimlock-wrapper-border-right:0 solid #00000000\"><div class=\"wp-block-grimlock-wrapper__bg\"><\/div><div class=\"wp-block-grimlock-wrapper__bg-overlay\"><\/div><div class=\"wp-block-grimlock-wrapper__inner\">\n<div class=\"wp-block-columns are-vertically-aligned-center is-not-stacked-on-mobile grimlock-columns-mobile-1 grimlock-columns-tablet-1 is-layout-flex wp-container-core-columns-is-layout-9d6595d7 wp-block-columns-is-layout-flex\">\n<div class=\"wp-block-column is-vertically-aligned-center is-layout-flow wp-block-column-is-layout-flow\" data-aos=\"fade-right\" data-aos-duration=\"750\" data-aos-once=\"true\"><div class=\"wp-block-image is-style-small-rounded\">\n<figure class=\"aligncenter size-large\"><img decoding=\"async\" width=\"900\" height=\"831\" src=\"https:\/\/balencio.com\/wp-content\/uploads\/2023\/08\/matrice-priorite-1.svg\" alt=\"\" class=\"wp-image-2953\"\/><\/figure>\n<\/div><\/div>\n\n\n\n<div class=\"wp-block-column is-vertically-aligned-center is-layout-flow wp-block-column-is-layout-flow\" data-aos=\"fade-left\" data-aos-duration=\"750\" data-aos-once=\"true\">\n<div class=\"wp-block-grimlock-wrapper  wp-block-grimlock-wrapper--inner-full\" style=\"--grimlock-wrapper-padding-top:2.5rem;--grimlock-wrapper-padding-right:3vw;--grimlock-wrapper-padding-bottom:2.5rem;--grimlock-wrapper-padding-left:3vw;--grimlock-wrapper-border-top:1px solid #EAECEF;--grimlock-wrapper-border-bottom:1px solid #EAECEF;--grimlock-wrapper-border-left:1px solid #EAECEF;--grimlock-wrapper-border-right:1px solid #EAECEF;--grimlock-wrapper-border-top-left-radius:24px;--grimlock-wrapper-border-top-right-radius:0px;--grimlock-wrapper-border-bottom-left-radius:24px;--grimlock-wrapper-border-bottom-right-radius:24px\"><div class=\"wp-block-grimlock-wrapper__bg\"><\/div><div class=\"wp-block-grimlock-wrapper__bg-overlay\"><\/div><div class=\"wp-block-grimlock-wrapper__inner\">\n<div class=\"wp-block-group\"><div class=\"wp-block-group__inner-container is-layout-constrained wp-block-group-is-layout-constrained\">\n<div class=\"wp-block-columns are-vertically-aligned-center is-not-stacked-on-mobile is-layout-flex wp-container-core-columns-is-layout-9d6595d7 wp-block-columns-is-layout-flex\">\n<div class=\"wp-block-column is-vertically-aligned-center is-layout-flow wp-block-column-is-layout-flow\" style=\"flex-basis:50px\">\n<div style=\"margin-top:0px;margin-bottom:0px;margin-left:0px;margin-right:0px\" class=\"wp-block-getwid-icon has-layout-stacked is-aligned-left\"><div class=\"wp-block-getwid-icon__wrapper has-background has-balencio-grey-100-background-color\" style=\"font-size:28px;padding:10px\"><i class=\"bx bx-badge-check\"><\/i><\/div><\/div>\n<\/div>\n\n\n\n<div class=\"wp-block-column is-vertically-aligned-center is-layout-flow wp-block-column-is-layout-flow\"><h3 class=\"wp-block-heading has-text-bigger-font-size\" id=\"snel-overzicht-van-uw-sterke-punten-en-verbeterpunten\"><strong>Snel overzicht van uw sterke punten en verbeterpunten<\/strong> <\/h3><\/div>\n<\/div>\n\n\n\n<div class=\"wp-block-columns is-not-stacked-on-mobile is-layout-flex wp-container-core-columns-is-layout-9d6595d7 wp-block-columns-is-layout-flex\">\n<div class=\"wp-block-column is-layout-flow wp-block-column-is-layout-flow\" style=\"flex-basis:50px\"><\/div>\n\n\n\n<div class=\"wp-block-column is-layout-flow wp-block-column-is-layout-flow\">\n<p>Met vier kleurcodes (groen, geel, oranje en rood) biedt de prioriteitenmatrix een duidelijk beeld van zowel de sterke punten van uw bedrijf als de gebieden die speciale aandacht vereisen. <\/p>\n<\/div>\n<\/div>\n\n\n\n<div class=\"wp-block-columns are-vertically-aligned-center is-not-stacked-on-mobile is-layout-flex wp-container-core-columns-is-layout-9d6595d7 wp-block-columns-is-layout-flex\">\n<div class=\"wp-block-column is-vertically-aligned-center is-layout-flow wp-block-column-is-layout-flow\" style=\"flex-basis:50px\">\n<div style=\"margin-top:0px;margin-bottom:0px;margin-left:0px;margin-right:0px\" class=\"wp-block-getwid-icon has-layout-stacked is-aligned-left\"><div class=\"wp-block-getwid-icon__wrapper has-background has-balencio-grey-100-background-color\" style=\"font-size:28px;padding:10px\"><i class=\"bx bx-badge-check\"><\/i><\/div><\/div>\n<\/div>\n\n\n\n<div class=\"wp-block-column is-vertically-aligned-center is-layout-flow wp-block-column-is-layout-flow\"><h3 class=\"wp-block-heading has-text-bigger-font-size\" id=\"gebruiksgemak\"><strong>Gebruiksgemak<\/strong> <\/h3><\/div>\n<\/div>\n\n\n\n<div class=\"wp-block-columns is-not-stacked-on-mobile is-layout-flex wp-container-core-columns-is-layout-9d6595d7 wp-block-columns-is-layout-flex\">\n<div class=\"wp-block-column is-layout-flow wp-block-column-is-layout-flow\" style=\"flex-basis:50px\"><\/div>\n\n\n\n<div class=\"wp-block-column is-layout-flow wp-block-column-is-layout-flow\">\n<p>Onze matrix is ontworpen met eenvoud en gebruiksvriendelijkheid in gedachten, zodat u snel en effectief beslissingen kunt nemen. <\/p>\n<\/div>\n<\/div>\n\n\n\n<div class=\"wp-block-columns are-vertically-aligned-center is-not-stacked-on-mobile is-layout-flex wp-container-core-columns-is-layout-9d6595d7 wp-block-columns-is-layout-flex\">\n<div class=\"wp-block-column is-vertically-aligned-center is-layout-flow wp-block-column-is-layout-flow\" style=\"flex-basis:50px\">\n<div style=\"margin-top:0px;margin-bottom:0px;margin-left:0px;margin-right:0px\" class=\"wp-block-getwid-icon has-layout-stacked is-aligned-left\"><div class=\"wp-block-getwid-icon__wrapper has-background has-balencio-grey-100-background-color\" style=\"font-size:28px;padding:10px\"><i class=\"bx bx-badge-check\"><\/i><\/div><\/div>\n<\/div>\n\n\n\n<div class=\"wp-block-column is-vertically-aligned-center is-layout-flow wp-block-column-is-layout-flow\"><h3 class=\"wp-block-heading has-text-bigger-font-size\" id=\"volgen-van-vooruitgang\"><strong>Volgen van vooruitgang<\/strong> <\/h3><\/div>\n<\/div>\n\n\n\n<div class=\"wp-block-columns are-vertically-aligned-center is-not-stacked-on-mobile is-layout-flex wp-container-core-columns-is-layout-9d6595d7 wp-block-columns-is-layout-flex\">\n<div class=\"wp-block-column is-vertically-aligned-center is-layout-flow wp-block-column-is-layout-flow\" style=\"flex-basis:50px\"><\/div>\n\n\n\n<div class=\"wp-block-column is-vertically-aligned-center is-layout-flow wp-block-column-is-layout-flow\">\n<p class=\"has-text-bigger-font-size\">De prioriteitenmatrix maakt ook het volgen van indicatoren in de loop van de tijd mogelijk, waardoor je de vooruitgang kunt meten en passende beslissingen kunt nemen om de prestaties van het bedrijf voortdurend te verbeteren. Met deze matrix kun je gefocust en doelgericht werken aan het versterken van je organisatie en het behalen van je strategische doelen. <\/p>\n<\/div>\n<\/div>\n<\/div><\/div>\n<\/div><\/div>\n<\/div>\n<\/div>\n<\/div><\/div>\n\n<div class=\"wp-block-grimlock-wrapper alignfull\" style=\"--grimlock-wrapper-background-color:#F8F9FA;--grimlock-wrapper-padding-top:6rem;--grimlock-wrapper-padding-right:0rem;--grimlock-wrapper-padding-bottom:4rem;--grimlock-wrapper-border-top:0 solid #00000000;--grimlock-wrapper-border-bottom:0 solid #00000000;--grimlock-wrapper-border-left:0 solid #00000000;--grimlock-wrapper-border-right:0 solid #00000000;--grimlock-wrapper-overflow:visible\" data-aos=\"fade\" data-aos-duration=\"750\" data-aos-once=\"true\"><div class=\"wp-block-grimlock-wrapper__bg\"><\/div><div class=\"wp-block-grimlock-wrapper__bg-overlay\"><\/div><div class=\"wp-block-grimlock-wrapper__inner\">\n<div class=\"wp-block-group\" data-aos=\"fade-down-left\" data-aos-duration=\"750\" data-aos-easing=\"ease-in-out\" data-aos-once=\"true\"><div class=\"wp-block-group__inner-container is-layout-constrained wp-block-group-is-layout-constrained\">\n<figure class=\"wp-block-image size-large is-resized floating--right\" data-aos=\"fade-down-left\" data-aos-duration=\"750\" data-aos-once=\"true\"><img decoding=\"async\" src=\"https:\/\/balencio.com\/wp-content\/uploads\/2023\/06\/plane-yellow.svg\" alt=\"\" class=\"wp-image-343\" style=\"width:243px;height:222px\" width=\"243\" height=\"222\"\/><\/figure>\n<\/div><\/div>\n\n\n\n<h2 class=\"wp-block-heading has-text-align-center\">Deze functionaliteiten zullen u <mark style=\"background-color:#FFC078\" class=\"has-inline-color\">zeker<\/mark> bevallen!<\/h2>\n\n\n\t\t\t<div data-aos-duration=\"750\" data-aos-once=\"true\" data-aos=\"fade-up\"  class=\" wp-block-grimlock-query grimlock-query grimlock-posts--3-3-3-3-cols-classic-slider grimlock-posts--per-page-4 grimlock-posts--type-page\" style=\"border-color:transparent;border-style:solid;border-width:0;\"  data-auto-slide-enabled=\"1\" data-slider-arrows-enabled=\"1\" data-slider-pagination=\"bullets\" data-slider-loop-enabled=\"\" data-slides-per-view=\"4\">\n\n\t\t\t\n\t\t\t<div class=\"swiper-container\">\n\t\t\t\t<div class=\"swiper-wrapper\">\n\n\t\t\n\t\t\t\t<article id=\"post-69d7b0463761b\" class=\"swiper-slide post-3196 page type-page status-publish has-post-thumbnail hentry\">\n\t\t\t\t\t\t<div class=\"card grimlock-post__card post__card\">\n\t\t\n\t\t<div class=\"card-body\">\n\t\t\t\t<header class=\"entry-header clearfix\">\n\t\t\t\t<i style=\"--balencio-header-title-background-color: var(--balencio-success-600);\" class=\"bx bx-pulse\"><\/i>\n\t\t<h2 class=\"entry-title\"><a href=\"https:\/\/balencio.com\/nl\/meten\/pulse-enquete\/\" rel=\"bookmark\" >Pulse-enqu\u00eate<\/a><\/h2>\t<\/header><!-- .entry-header -->\n\t\t\t\t<div class=\"entry-summary clearfix\">\n\t\t\t\t<p>Verkrijg waardevolle feedback van uw medewerkers over de onderwerpen die voor u van groot belang zijn. Met Balencio kunt u moeiteloos uw eigen vragenlijsten ontwerpen met slechts een paar klikken U heeft de vrijheid om zoveel vragen te stellen als u wenst. <\/p>\n\t\t\t<\/div><!-- .entry-summary -->\n\t\t\t\t<\/div><!-- .card-body -->\n\n\t\t\t<\/div><!-- .card -->\n\t\t\t\t\t<\/article><!-- #post-## -->\n\n\t\t\t\n\t\t\t\t<article id=\"post-69d7b04639bd9\" class=\"swiper-slide post-3200 page type-page status-publish has-post-thumbnail hentry\">\n\t\t\t\t\t\t<div class=\"card grimlock-post__card post__card\">\n\t\t\n\t\t<div class=\"card-body\">\n\t\t\t\t<header class=\"entry-header clearfix\">\n\t\t\t\t<i style=\"--balencio-header-title-background-color: var(--balencio-success-600);\" class=\"bx bx-hive\"><\/i>\n\t\t<h2 class=\"entry-title\"><a href=\"https:\/\/balencio.com\/nl\/meten\/wetenschappelijke-scans\/\" rel=\"bookmark\" >Wetenschappelijke scans<\/a><\/h2>\t<\/header><!-- .entry-header -->\n\t\t\t\t<div class=\"entry-summary clearfix\">\n\t\t\t\t<p>Krijg een globale en objectieve kijk op uw menselijk kapitaal dankzij onze multifactori\u00eble modellen die gevalideerd zijn door UCLouvain.<\/p>\n\t\t\t<\/div><!-- .entry-summary -->\n\t\t\t\t<\/div><!-- .card-body -->\n\n\t\t\t<\/div><!-- .card -->\n\t\t\t\t\t<\/article><!-- #post-## -->\n\n\t\t\t\n\t\t\t\t<article id=\"post-69d7b0463a5ae\" class=\"swiper-slide post-3091 page type-page status-publish has-post-thumbnail hentry\">\n\t\t\t\t\t\t<div class=\"card grimlock-post__card post__card\">\n\t\t\n\t\t<div class=\"card-body\">\n\t\t\t\t<header class=\"entry-header clearfix\">\n\t\t\t\t<i style=\"--balencio-header-title-background-color: var(--balencio-blue-600);\" class=\"bx bx-category\"><\/i>\n\t\t<h2 class=\"entry-title\"><a href=\"https:\/\/balencio.com\/nl\/analyseren\/dashboard\/\" rel=\"bookmark\" >HR-dashboard<\/a><\/h2>\t<\/header><!-- .entry-header -->\n\t\t\t\t<div class=\"entry-summary clearfix\">\n\t\t\t\t<p>Beheer uw HR-kapitaal moeiteloos dankzij het dashboard van Balencio. <\/p>\n\t\t\t<\/div><!-- .entry-summary -->\n\t\t\t\t<\/div><!-- .card-body -->\n\n\t\t\t<\/div><!-- .card -->\n\t\t\t\t\t<\/article><!-- #post-## -->\n\n\t\t\t\n\t\t\t\t<article id=\"post-69d7b0463b088\" class=\"swiper-slide post-3075 page type-page status-publish has-post-thumbnail hentry\">\n\t\t\t\t\t\t<div class=\"card grimlock-post__card post__card\">\n\t\t\n\t\t<div class=\"card-body\">\n\t\t\t\t<header class=\"entry-header clearfix\">\n\t\t\t\t<i style=\"--balencio-header-title-background-color: var(--balencio-primary-600);\" class=\"bx bx-category-alt\"><\/i>\n\t\t<h2 class=\"entry-title\"><a href=\"https:\/\/balencio.com\/nl\/actie-ondernemen\/prioriteitenmatrix\/\" rel=\"bookmark\" >Prioriteitenmatrix<\/a><\/h2>\t<\/header><!-- .entry-header -->\n\t\t\t\t<div class=\"entry-summary clearfix\">\n\t\t\t\t<p>Bekijk in \u00e9\u00e9n oogopslag de sterke punten die u verder kunt ontwikkelen en de gebieden waar u aan moet werken met behulp van onze prioriteitenmatrix. <\/p>\n\t\t\t<\/div><!-- .entry-summary -->\n\t\t\t\t<\/div><!-- .card-body -->\n\n\t\t\t<\/div><!-- .card -->\n\t\t\t\t\t<\/article><!-- #post-## -->\n\n\t\t\t\n\t\t\t\t\t<\/div><!-- .swiper-wrapper -->\n\n\t\t\t\t\n\t\t\t\t\t<div class=\"swiper-pagination\"><\/div><!-- swiper-pagination -->\n\n\t\t\t\t\n\t\t\t<\/div><!-- .swiper-container -->\n\n\n\t\t\t\n\t\t\t\t<div class=\"swiper-button-prev\"><\/div>\n\t\t\t\t<div class=\"swiper-button-next\"><\/div>\n\n\t\t\t\n\t\t\t<\/div><!-- .grimlock-region -->\n\t\t<\/div><\/div>\n","protected":false},"excerpt":{"rendered":"<p>Bekijk in \u00e9\u00e9n oogopslag de sterke punten die u verder kunt ontwikkelen en de gebieden waar u aan moet werken met behulp van onze prioriteitenmatrix. <\/p>\n","protected":false},"author":3,"featured_media":2948,"parent":3035,"menu_order":0,"comment_status":"closed","ping_status":"closed","template":"template-full-width-no-header.php","meta":{"_acf_changed":false,"inline_featured_image":false,"footnotes":""},"class_list":["post-3075","page","type-page","status-publish","has-post-thumbnail","hentry"],"acf":[],"yoast_head":"<!-- This site is optimized with the Yoast SEO plugin v27.3 - https:\/\/yoast.com\/product\/yoast-seo-wordpress\/ -->\n<title>Prioriteitenmatrix - Balencio<\/title>\n<meta name=\"description\" content=\"Met de prioriteitenmatrix kunt u in \u00e9\u00e9n oogopslag de te versterken sterke punten en aandachtspunten zien.\" \/>\n<meta name=\"robots\" content=\"index, follow, max-snippet:-1, max-image-preview:large, max-video-preview:-1\" \/>\n<link rel=\"canonical\" href=\"https:\/\/balencio.com\/nl\/actie-ondernemen\/prioriteitenmatrix\/\" \/>\n<meta property=\"og:locale\" content=\"nl_NL\" \/>\n<meta property=\"og:type\" content=\"article\" \/>\n<meta property=\"og:title\" content=\"Prioriteitenmatrix - Balencio\" \/>\n<meta property=\"og:description\" content=\"Met de prioriteitenmatrix kunt u in \u00e9\u00e9n oogopslag de te versterken sterke punten en aandachtspunten zien.\" \/>\n<meta property=\"og:url\" content=\"https:\/\/balencio.com\/nl\/actie-ondernemen\/prioriteitenmatrix\/\" \/>\n<meta property=\"og:site_name\" content=\"Balencio\" \/>\n<meta property=\"article:modified_time\" content=\"2023-09-12T10:06:36+00:00\" \/>\n<meta name=\"twitter:card\" content=\"summary_large_image\" \/>\n<meta name=\"twitter:label1\" content=\"Geschatte leestijd\" \/>\n\t<meta name=\"twitter:data1\" content=\"1 minuut\" \/>\n<script type=\"application\/ld+json\" class=\"yoast-schema-graph\">{\"@context\":\"https:\\\/\\\/schema.org\",\"@graph\":[{\"@type\":\"WebPage\",\"@id\":\"https:\\\/\\\/balencio.com\\\/nl\\\/actie-ondernemen\\\/prioriteitenmatrix\\\/\",\"url\":\"https:\\\/\\\/balencio.com\\\/nl\\\/actie-ondernemen\\\/prioriteitenmatrix\\\/\",\"name\":\"Prioriteitenmatrix - Balencio\",\"isPartOf\":{\"@id\":\"https:\\\/\\\/balencio.com\\\/nl\\\/#website\"},\"primaryImageOfPage\":{\"@id\":\"https:\\\/\\\/balencio.com\\\/nl\\\/actie-ondernemen\\\/prioriteitenmatrix\\\/#primaryimage\"},\"image\":{\"@id\":\"https:\\\/\\\/balencio.com\\\/nl\\\/actie-ondernemen\\\/prioriteitenmatrix\\\/#primaryimage\"},\"thumbnailUrl\":\"https:\\\/\\\/balencio.com\\\/wp-content\\\/uploads\\\/2023\\\/08\\\/matrice.svg\",\"datePublished\":\"2023-08-21T12:30:51+00:00\",\"dateModified\":\"2023-09-12T10:06:36+00:00\",\"description\":\"Met de prioriteitenmatrix kunt u in \u00e9\u00e9n oogopslag de te versterken sterke punten en aandachtspunten zien.\",\"breadcrumb\":{\"@id\":\"https:\\\/\\\/balencio.com\\\/nl\\\/actie-ondernemen\\\/prioriteitenmatrix\\\/#breadcrumb\"},\"inLanguage\":\"nl-NL\",\"potentialAction\":[{\"@type\":\"ReadAction\",\"target\":[\"https:\\\/\\\/balencio.com\\\/nl\\\/actie-ondernemen\\\/prioriteitenmatrix\\\/\"]}]},{\"@type\":\"ImageObject\",\"inLanguage\":\"nl-NL\",\"@id\":\"https:\\\/\\\/balencio.com\\\/nl\\\/actie-ondernemen\\\/prioriteitenmatrix\\\/#primaryimage\",\"url\":\"https:\\\/\\\/balencio.com\\\/wp-content\\\/uploads\\\/2023\\\/08\\\/matrice.svg\",\"contentUrl\":\"https:\\\/\\\/balencio.com\\\/wp-content\\\/uploads\\\/2023\\\/08\\\/matrice.svg\",\"width\":655,\"height\":467,\"caption\":\"Illustration d\u2019une matrice de priorit\u00e9s affich\u00e9e sur un ordinateur montrant des groupements color\u00e9s permettant d\u2019organiser et de visualiser facilement les informations cl\u00e9s.\"},{\"@type\":\"BreadcrumbList\",\"@id\":\"https:\\\/\\\/balencio.com\\\/nl\\\/actie-ondernemen\\\/prioriteitenmatrix\\\/#breadcrumb\",\"itemListElement\":[{\"@type\":\"ListItem\",\"position\":1,\"name\":\"Home\",\"item\":\"https:\\\/\\\/balencio.com\\\/nl\\\/\"},{\"@type\":\"ListItem\",\"position\":2,\"name\":\"Actie ondernemen\",\"item\":\"https:\\\/\\\/balencio.com\\\/nl\\\/actie-ondernemen\\\/\"},{\"@type\":\"ListItem\",\"position\":3,\"name\":\"Prioriteitenmatrix\"}]},{\"@type\":\"WebSite\",\"@id\":\"https:\\\/\\\/balencio.com\\\/nl\\\/#website\",\"url\":\"https:\\\/\\\/balencio.com\\\/nl\\\/\",\"name\":\"Balencio\",\"description\":\"Expert en gestion du capital humain\",\"publisher\":{\"@id\":\"https:\\\/\\\/balencio.com\\\/nl\\\/#organization\"},\"potentialAction\":[{\"@type\":\"SearchAction\",\"target\":{\"@type\":\"EntryPoint\",\"urlTemplate\":\"https:\\\/\\\/balencio.com\\\/nl\\\/?s={search_term_string}\"},\"query-input\":{\"@type\":\"PropertyValueSpecification\",\"valueRequired\":true,\"valueName\":\"search_term_string\"}}],\"inLanguage\":\"nl-NL\"},{\"@type\":\"Organization\",\"@id\":\"https:\\\/\\\/balencio.com\\\/nl\\\/#organization\",\"name\":\"Balencio\",\"url\":\"https:\\\/\\\/balencio.com\\\/nl\\\/\",\"logo\":{\"@type\":\"ImageObject\",\"inLanguage\":\"nl-NL\",\"@id\":\"https:\\\/\\\/balencio.com\\\/nl\\\/#\\\/schema\\\/logo\\\/image\\\/\",\"url\":\"https:\\\/\\\/balencio.com\\\/wp-content\\\/uploads\\\/2023\\\/06\\\/logo.svg\",\"contentUrl\":\"https:\\\/\\\/balencio.com\\\/wp-content\\\/uploads\\\/2023\\\/06\\\/logo.svg\",\"width\":\"1024\",\"height\":\"1024\",\"caption\":\"Balencio\"},\"image\":{\"@id\":\"https:\\\/\\\/balencio.com\\\/nl\\\/#\\\/schema\\\/logo\\\/image\\\/\"},\"sameAs\":[\"https:\\\/\\\/be.linkedin.com\\\/company\\\/balencio\"]}]}<\/script>\n<!-- \/ Yoast SEO plugin. -->","yoast_head_json":{"title":"Prioriteitenmatrix - Balencio","description":"Met de prioriteitenmatrix kunt u in \u00e9\u00e9n oogopslag de te versterken sterke punten en aandachtspunten zien.","robots":{"index":"index","follow":"follow","max-snippet":"max-snippet:-1","max-image-preview":"max-image-preview:large","max-video-preview":"max-video-preview:-1"},"canonical":"https:\/\/balencio.com\/nl\/actie-ondernemen\/prioriteitenmatrix\/","og_locale":"nl_NL","og_type":"article","og_title":"Prioriteitenmatrix - Balencio","og_description":"Met de prioriteitenmatrix kunt u in \u00e9\u00e9n oogopslag de te versterken sterke punten en aandachtspunten zien.","og_url":"https:\/\/balencio.com\/nl\/actie-ondernemen\/prioriteitenmatrix\/","og_site_name":"Balencio","article_modified_time":"2023-09-12T10:06:36+00:00","twitter_card":"summary_large_image","twitter_misc":{"Geschatte leestijd":"1 minuut"},"schema":{"@context":"https:\/\/schema.org","@graph":[{"@type":"WebPage","@id":"https:\/\/balencio.com\/nl\/actie-ondernemen\/prioriteitenmatrix\/","url":"https:\/\/balencio.com\/nl\/actie-ondernemen\/prioriteitenmatrix\/","name":"Prioriteitenmatrix - Balencio","isPartOf":{"@id":"https:\/\/balencio.com\/nl\/#website"},"primaryImageOfPage":{"@id":"https:\/\/balencio.com\/nl\/actie-ondernemen\/prioriteitenmatrix\/#primaryimage"},"image":{"@id":"https:\/\/balencio.com\/nl\/actie-ondernemen\/prioriteitenmatrix\/#primaryimage"},"thumbnailUrl":"https:\/\/balencio.com\/wp-content\/uploads\/2023\/08\/matrice.svg","datePublished":"2023-08-21T12:30:51+00:00","dateModified":"2023-09-12T10:06:36+00:00","description":"Met de prioriteitenmatrix kunt u in \u00e9\u00e9n oogopslag de te versterken sterke punten en aandachtspunten zien.","breadcrumb":{"@id":"https:\/\/balencio.com\/nl\/actie-ondernemen\/prioriteitenmatrix\/#breadcrumb"},"inLanguage":"nl-NL","potentialAction":[{"@type":"ReadAction","target":["https:\/\/balencio.com\/nl\/actie-ondernemen\/prioriteitenmatrix\/"]}]},{"@type":"ImageObject","inLanguage":"nl-NL","@id":"https:\/\/balencio.com\/nl\/actie-ondernemen\/prioriteitenmatrix\/#primaryimage","url":"https:\/\/balencio.com\/wp-content\/uploads\/2023\/08\/matrice.svg","contentUrl":"https:\/\/balencio.com\/wp-content\/uploads\/2023\/08\/matrice.svg","width":655,"height":467,"caption":"Illustration d\u2019une matrice de priorit\u00e9s affich\u00e9e sur un ordinateur montrant des groupements color\u00e9s permettant d\u2019organiser et de visualiser facilement les informations cl\u00e9s."},{"@type":"BreadcrumbList","@id":"https:\/\/balencio.com\/nl\/actie-ondernemen\/prioriteitenmatrix\/#breadcrumb","itemListElement":[{"@type":"ListItem","position":1,"name":"Home","item":"https:\/\/balencio.com\/nl\/"},{"@type":"ListItem","position":2,"name":"Actie ondernemen","item":"https:\/\/balencio.com\/nl\/actie-ondernemen\/"},{"@type":"ListItem","position":3,"name":"Prioriteitenmatrix"}]},{"@type":"WebSite","@id":"https:\/\/balencio.com\/nl\/#website","url":"https:\/\/balencio.com\/nl\/","name":"Balencio","description":"Expert en gestion du capital humain","publisher":{"@id":"https:\/\/balencio.com\/nl\/#organization"},"potentialAction":[{"@type":"SearchAction","target":{"@type":"EntryPoint","urlTemplate":"https:\/\/balencio.com\/nl\/?s={search_term_string}"},"query-input":{"@type":"PropertyValueSpecification","valueRequired":true,"valueName":"search_term_string"}}],"inLanguage":"nl-NL"},{"@type":"Organization","@id":"https:\/\/balencio.com\/nl\/#organization","name":"Balencio","url":"https:\/\/balencio.com\/nl\/","logo":{"@type":"ImageObject","inLanguage":"nl-NL","@id":"https:\/\/balencio.com\/nl\/#\/schema\/logo\/image\/","url":"https:\/\/balencio.com\/wp-content\/uploads\/2023\/06\/logo.svg","contentUrl":"https:\/\/balencio.com\/wp-content\/uploads\/2023\/06\/logo.svg","width":"1024","height":"1024","caption":"Balencio"},"image":{"@id":"https:\/\/balencio.com\/nl\/#\/schema\/logo\/image\/"},"sameAs":["https:\/\/be.linkedin.com\/company\/balencio"]}]}},"_links":{"self":[{"href":"https:\/\/balencio.com\/nl\/wp-json\/wp\/v2\/pages\/3075","targetHints":{"allow":["GET"]}}],"collection":[{"href":"https:\/\/balencio.com\/nl\/wp-json\/wp\/v2\/pages"}],"about":[{"href":"https:\/\/balencio.com\/nl\/wp-json\/wp\/v2\/types\/page"}],"author":[{"embeddable":true,"href":"https:\/\/balencio.com\/nl\/wp-json\/wp\/v2\/users\/3"}],"replies":[{"embeddable":true,"href":"https:\/\/balencio.com\/nl\/wp-json\/wp\/v2\/comments?post=3075"}],"version-history":[{"count":3,"href":"https:\/\/balencio.com\/nl\/wp-json\/wp\/v2\/pages\/3075\/revisions"}],"predecessor-version":[{"id":3078,"href":"https:\/\/balencio.com\/nl\/wp-json\/wp\/v2\/pages\/3075\/revisions\/3078"}],"up":[{"embeddable":true,"href":"https:\/\/balencio.com\/nl\/wp-json\/wp\/v2\/pages\/3035"}],"wp:featuredmedia":[{"embeddable":true,"href":"https:\/\/balencio.com\/nl\/wp-json\/wp\/v2\/media\/2948"}],"wp:attachment":[{"href":"https:\/\/balencio.com\/nl\/wp-json\/wp\/v2\/media?parent=3075"}],"curies":[{"name":"wp","href":"https:\/\/api.w.org\/{rel}","templated":true}]}}