{"id":3035,"date":"2023-08-16T11:22:24","date_gmt":"2023-08-16T09:22:24","guid":{"rendered":"https:\/\/new.balencio.com\/actie-ondernemen\/"},"modified":"2026-04-14T11:02:22","modified_gmt":"2026-04-14T09:02:22","slug":"actie-ondernemen","status":"publish","type":"page","link":"https:\/\/balencio.com\/nl\/actie-ondernemen\/","title":{"rendered":"Actie ondernemen"},"content":{"rendered":"\n<div class=\"wp-block-grimlock-wrapper alignfull  wp-block-grimlock-wrapper--inner-narrower\" style=\"--grimlock-wrapper-background-color:#F8F9FA;--grimlock-wrapper-margin-bottom:0rem;--grimlock-wrapper-padding-top:3vw;--grimlock-wrapper-border-top:0 solid #00000000;--grimlock-wrapper-border-bottom:0 solid #00000000;--grimlock-wrapper-border-left:0 solid #00000000;--grimlock-wrapper-border-right:0 solid #00000000;--grimlock-wrapper-overflow:visible\"><div class=\"wp-block-grimlock-wrapper__bg\"><\/div><div class=\"wp-block-grimlock-wrapper__bg-overlay\"><\/div><div class=\"wp-block-grimlock-wrapper__inner\"><h1 class=\"wp-block-heading has-text-align-center has-black-color has-text-color has-text-bigger-font-size\" style=\"font-style:normal;font-weight:400;text-transform:uppercase\" id=\"actie-ondernemen\">Actie ondernemen<\/h1>\n\n\n<div style=\"height:0.5rem\" aria-hidden=\"true\" class=\"wp-block-spacer\"><\/div>\n\n\n<h2 class=\"wp-block-heading has-text-align-center\" id=\"verken-de-diverse-mogelijkheden-van-ons-platform-om-u-te-ondersteunen-bij-het-ondernemen-van-actie-door-middel-van-gerichte-actieplannen\"><strong>Verken de diverse mogelijkheden van ons platform om u te ondersteunen bij het ondernemen van actie door middel van gerichte actieplannen.<\/strong> <\/h2>\n\n\n<div style=\"height:1rem\" aria-hidden=\"true\" class=\"wp-block-spacer\"><\/div>\n\n\n\n<p class=\"has-text-align-center has-text-bigger-font-size\">Ontdek precies waar en hoe actie prioriteit moet krijgen om een maximaal effect te bereiken. Bied uw medewerkers aanbevelingen waarmee ze actief kunnen bijdragen aan hun welzijn. <\/p>\n\n\n\n<div style=\"height:1rem\" aria-hidden=\"true\" class=\"wp-block-spacer\"><\/div>\n\n\n\n<div class=\"wp-block-buttons is-content-justification-center is-layout-flex wp-container-core-buttons-is-layout-16018d1d wp-block-buttons-is-layout-flex\">\n<div class=\"wp-block-button popmake-3063\"><a class=\"wp-block-button__link wp-element-button\">Vraag een demo aan<\/a><\/div>\n\n\n\n<div class=\"wp-block-button is-style-primary-outline popmake-3959\"><a class=\"wp-block-button__link has-text-align-left wp-element-button\">Vraag een offerte aan<\/a><\/div>\n<\/div>\n\n\n\n<div style=\"height:5vw\" aria-hidden=\"true\" class=\"wp-block-spacer\"><\/div>\n\n\n\t\t\t<div  class=\" wp-block-grimlock-divider alignfull grimlock-divider grimlock-divider--flip-shape-horizontally grimlock-divider--align-icon-center-center\" style=\"--grimlock-divider-shape-color:#F8F9FA;--grimlock-divider-icon-color:#000000;--grimlock-divider-background-color:#fefefe;--grimlock-divider-icon-size:20px;--grimlock-divider-height:100px;--grimlock-divider-margin-top:0px;--grimlock-divider-margin-bottom:0px;z-index:0;\"  >\n\t\t\t\t\n\t\t\t<div class=\"grimlock-divider__icon\">\n\n\t\t\t\t<svg width=\"40\" height=\"40\" xmlns=\"http:\/\/www.w3.org\/2000\/svg\" viewBox=\"0 0 40 40\"><\/svg>\n\n\t\t\t<\/div>\n\n\t\t\t\t\t\t\n\t\t\t<div class=\"grimlock-divider__shape\">\n\t\t\t\t<svg viewBox=\"0 0 1600 200\" xmlns=\"http:\/\/www.w3.org\/2000\/svg\" preserveAspectRatio=\"none\" class=\"grimlock-divider-svg grimlock-divider-svg--curve\" aria-hidden=\"true\"><path d=\"M1610 177.3C1423 122.9 1133.3 88 808 88c-334.7 0-631.8 37-818 94.1v28h1620v-32.8z\"><\/path><\/svg>\n\t\t\t<\/div>\n\n\t\t\t\t\t<\/div>\n\t\t<\/div><\/div>\n\n\n\n<div class=\"wp-block-group\" data-aos=\"fade-up-left\" data-aos-duration=\"750\" data-aos-easing=\"ease-in-out\" data-aos-once=\"true\"><div class=\"wp-block-group__inner-container is-layout-constrained wp-block-group-is-layout-constrained\">\n<figure class=\"wp-block-image size-large is-resized floating--right\"><img decoding=\"async\" width=\"362\" height=\"333\" src=\"https:\/\/balencio.com\/wp-content\/uploads\/2023\/08\/primary-plane-1.svg\" alt=\"Illustratie van een groene pijl in de vorm van een papieren vliegtuig met een gestippeld traject\" class=\"wp-image-2546\" style=\"width:267px;height:252px\"\/><\/figure>\n<\/div><\/div>\n\n\n\n<div class=\"wp-block-grimlock-wrapper alignfull\" style=\"--grimlock-wrapper-padding-top:4rem;--grimlock-wrapper-padding-bottom:4rem;--grimlock-wrapper-border-top:0 solid #00000000;--grimlock-wrapper-border-bottom:0 solid #00000000;--grimlock-wrapper-border-left:0 solid #00000000;--grimlock-wrapper-border-right:0 solid #00000000\"><div class=\"wp-block-grimlock-wrapper__bg\"><\/div><div class=\"wp-block-grimlock-wrapper__bg-overlay\"><\/div><div class=\"wp-block-grimlock-wrapper__inner\">\t\t\t<div data-aos-duration=\"750\" data-aos-easing=\"ease-in-out\" data-aos-once=\"true\" data-aos=\"fade-up\"  class=\" wp-block-grimlock-query grimlock-query grimlock-posts--12-cols-lateral-modern-alternate grimlock-posts--per-page-3 grimlock-posts--type-page\" style=\"border-color:transparent;border-style:solid;border-width:0;\"  >\n\n\t\t\t\n\t\t\t\t<article id=\"post-69e04e3165274\" class=\"post-3075 page type-page status-publish has-post-thumbnail hentry\">\n\t\t\t\t\t\t<div class=\"card grimlock-post__card post__card\">\n\t\t\n\t\t\t<div class=\"card-media\">\n\n\t\t\t\t\n\t\t\t\t\t\t<div class=\"card-floating\">\n\t\t\t\t\t\t\t\t\t\t\t\t\t<\/div>\n\n\t\t\t\t\t\t\t\t\t\t\t\t<div class=\"post-thumbnail\">\n\t\t\t\t\t\t\t<img decoding=\"async\" width=\"655\" height=\"467\" src=\"https:\/\/balencio.com\/wp-content\/uploads\/2023\/08\/matrice.svg\" class=\"card-img wp-post-image\" alt=\"Illustration d\u2019une matrice de priorit\u00e9s affich\u00e9e sur un ordinateur montrant des groupements color\u00e9s permettant d\u2019organiser et de visualiser facilement les informations cl\u00e9s.\" \/>\t\t\t\t\t\t<\/div>\n\t\t\t\t\t\n\t\t\t<\/div><!-- .card-media -->\n\n\t\t\n\t\t<div class=\"card-body\">\n\t\t\t\t<header class=\"entry-header clearfix\">\n\t\t<h2 class=\"entry-title\"><a href=\"https:\/\/balencio.com\/nl\/actie-ondernemen\/prioriteitenmatrix\/\" rel=\"bookmark\" >Prioriteitenmatrix<\/a><\/h2>\t<\/header><!-- .entry-header -->\n\t\t\t\t<div class=\"entry-summary clearfix\">\n\t\t\t\t<p>Bekijk in \u00e9\u00e9n oogopslag de sterke punten die u verder kunt ontwikkelen en de gebieden waar u aan moet werken met behulp van onze prioriteitenmatrix. <\/p>\n\t\t\t<\/div><!-- .entry-summary -->\n\t\t\t\t<\/div><!-- .card-body -->\n\n\t\t\t<\/div><!-- .card -->\n\t\t\t\t\t<\/article><!-- #post-## -->\n\n\t\t\t\n\t\t\t\t<article id=\"post-69e04e316624c\" class=\"post-3081 page type-page status-publish has-post-thumbnail hentry\">\n\t\t\t\t\t\t<div class=\"card grimlock-post__card post__card\">\n\t\t\n\t\t\t<div class=\"card-media\">\n\n\t\t\t\t\n\t\t\t\t\t\t<div class=\"card-floating\">\n\t\t\t\t\t\t\t\t\t\t\t\t\t<\/div>\n\n\t\t\t\t\t\t\t\t\t\t\t\t<div class=\"post-thumbnail\">\n\t\t\t\t\t\t\t<img decoding=\"async\" width=\"658\" height=\"467\" src=\"https:\/\/balencio.com\/wp-content\/uploads\/2023\/08\/reco.svg\" class=\"card-img wp-post-image\" alt=\"Illustration d\u2019un ordinateur affichant un tableau de bord avec des cartes color\u00e9es de recommandations.\" \/>\t\t\t\t\t\t<\/div>\n\t\t\t\t\t\n\t\t\t<\/div><!-- .card-media -->\n\n\t\t\n\t\t<div class=\"card-body\">\n\t\t\t\t<header class=\"entry-header clearfix\">\n\t\t<h2 class=\"entry-title\"><a href=\"https:\/\/balencio.com\/nl\/actie-ondernemen\/aanbevelingen-voor-uw-werknemers\/\" rel=\"bookmark\" >Aanbevelingen voor uw werknemers<\/a><\/h2>\t<\/header><!-- .entry-header -->\n\t\t\t\t<div class=\"entry-summary clearfix\">\n\t\t\t\t<p>Help uw medewerkers verantwoordelijkheid te nemen voor hun eigen welzijn. <\/p>\n\t\t\t<\/div><!-- .entry-summary -->\n\t\t\t\t<\/div><!-- .card-body -->\n\n\t\t\t<\/div><!-- .card -->\n\t\t\t\t\t<\/article><!-- #post-## -->\n\n\t\t\t\n\t\t\t\t<article id=\"post-69e04e3166e1c\" class=\"post-3079 page type-page status-publish has-post-thumbnail hentry\">\n\t\t\t\t\t\t<div class=\"card grimlock-post__card post__card\">\n\t\t\n\t\t\t<div class=\"card-media\">\n\n\t\t\t\t\n\t\t\t\t\t\t<div class=\"card-floating\">\n\t\t\t\t\t\t\t\t\t\t\t\t\t<\/div>\n\n\t\t\t\t\t\t\t\t\t\t\t\t<div class=\"post-thumbnail\">\n\t\t\t\t\t\t\t<img decoding=\"async\" width=\"765\" height=\"488\" src=\"https:\/\/balencio.com\/wp-content\/uploads\/2023\/08\/planrh.svg\" class=\"card-img wp-post-image\" alt=\"Illustration d\u2019une interface affichant un tableau de lignes avec indicateurs color\u00e9s pour repr\u00e9senter l\u2019analyse, le suivi ou l\u2019\u00e9tat d\u2019\u00e9l\u00e9ments.\" \/>\t\t\t\t\t\t<\/div>\n\t\t\t\t\t\n\t\t\t<\/div><!-- .card-media -->\n\n\t\t\n\t\t<div class=\"card-body\">\n\t\t\t\t<header class=\"entry-header clearfix\">\n\t\t<h2 class=\"entry-title\"><a href=\"https:\/\/balencio.com\/nl\/actie-ondernemen\/effectieve-hr-actieplannen\/\" rel=\"bookmark\" >Effectieve HR-actieplannen<\/a><\/h2>\t<\/header><!-- .entry-header -->\n\t\t\t\t<div class=\"entry-summary clearfix\">\n\t\t\t\t<p>Identificeer uw belangrijkste HR-projecten en neem doeltreffende actie met behulp van effectieve actieplannen. <\/p>\n\t\t\t<\/div><!-- .entry-summary -->\n\t\t\t\t<\/div><!-- .card-body -->\n\n\t\t\t<\/div><!-- .card -->\n\t\t\t\t\t<\/article><!-- #post-## -->\n\n\t\t\t\n\t\t\t<\/div><!-- .grimlock-region -->\n\t\t<\/div><\/div>\n\n\n\n<div class=\"wp-block-grimlock-wrapper alignfull\" style=\"--grimlock-wrapper-background-color:#F8F9FA;--grimlock-wrapper-padding-top:6rem;--grimlock-wrapper-padding-right:0rem;--grimlock-wrapper-padding-bottom:4rem;--grimlock-wrapper-border-top:0 solid #00000000;--grimlock-wrapper-border-bottom:0 solid #00000000;--grimlock-wrapper-border-left:0 solid #00000000;--grimlock-wrapper-border-right:0 solid #00000000;--grimlock-wrapper-overflow:visible\" data-aos=\"fade\" data-aos-duration=\"750\" data-aos-once=\"true\"><div class=\"wp-block-grimlock-wrapper__bg\"><\/div><div class=\"wp-block-grimlock-wrapper__bg-overlay\"><\/div><div class=\"wp-block-grimlock-wrapper__inner\">\n<div class=\"wp-block-group\" data-aos=\"fade-down-left\" data-aos-duration=\"750\" data-aos-easing=\"ease-in-out\" data-aos-once=\"true\"><div class=\"wp-block-group__inner-container is-layout-constrained wp-block-group-is-layout-constrained\">\n<figure class=\"wp-block-image size-large is-resized floating--right\" data-aos=\"fade-down-left\" data-aos-duration=\"750\" data-aos-once=\"true\"><img decoding=\"async\" src=\"https:\/\/balencio.com\/wp-content\/uploads\/2023\/06\/plane-yellow.svg\" alt=\"\" class=\"wp-image-343\" style=\"width:243px;height:222px\" width=\"243\" height=\"222\"\/><\/figure>\n<\/div><\/div>\n\n\n\n<h2 class=\"wp-block-heading has-text-align-center\">Deze functionaliteiten zullen u <mark style=\"background-color:#FFC078\" class=\"has-inline-color\">zeker<\/mark> bevallen!<\/h2>\n\n\n\t\t\t<div data-aos-duration=\"750\" data-aos-once=\"true\" data-aos=\"fade-up\"  class=\" wp-block-grimlock-query grimlock-query grimlock-posts--3-3-3-3-cols-classic-slider grimlock-posts--per-page-4 grimlock-posts--type-page\" style=\"border-color:transparent;border-style:solid;border-width:0;\"  data-auto-slide-enabled=\"1\" data-slider-arrows-enabled=\"1\" data-slider-pagination=\"bullets\" data-slider-loop-enabled=\"\" data-slides-per-view=\"4\">\n\n\t\t\t\n\t\t\t<div class=\"swiper-container\">\n\t\t\t\t<div class=\"swiper-wrapper\">\n\n\t\t\n\t\t\t\t<article id=\"post-69e04e31694a7\" class=\"swiper-slide post-3196 page type-page status-publish has-post-thumbnail hentry\">\n\t\t\t\t\t\t<div class=\"card grimlock-post__card post__card\">\n\t\t\n\t\t<div class=\"card-body\">\n\t\t\t\t<header class=\"entry-header clearfix\">\n\t\t\t\t<i style=\"--balencio-header-title-background-color: var(--balencio-success-600);\" class=\"bx bx-pulse\"><\/i>\n\t\t<h2 class=\"entry-title\"><a href=\"https:\/\/balencio.com\/nl\/meten\/pulse-enquete\/\" rel=\"bookmark\" >Pulse-enqu\u00eate<\/a><\/h2>\t<\/header><!-- .entry-header -->\n\t\t\t\t<div class=\"entry-summary clearfix\">\n\t\t\t\t<p>Verkrijg waardevolle feedback van uw medewerkers over de onderwerpen die voor u van groot belang zijn. Met Balencio kunt u moeiteloos uw eigen vragenlijsten ontwerpen met slechts een paar klikken U heeft de vrijheid om zoveel vragen te stellen als u wenst. <\/p>\n\t\t\t<\/div><!-- .entry-summary -->\n\t\t\t\t<\/div><!-- .card-body -->\n\n\t\t\t<\/div><!-- .card -->\n\t\t\t\t\t<\/article><!-- #post-## -->\n\n\t\t\t\n\t\t\t\t<article id=\"post-69e04e316b2d5\" class=\"swiper-slide post-3200 page type-page status-publish has-post-thumbnail hentry\">\n\t\t\t\t\t\t<div class=\"card grimlock-post__card post__card\">\n\t\t\n\t\t<div class=\"card-body\">\n\t\t\t\t<header class=\"entry-header clearfix\">\n\t\t\t\t<i style=\"--balencio-header-title-background-color: var(--balencio-success-600);\" class=\"bx bx-hive\"><\/i>\n\t\t<h2 class=\"entry-title\"><a href=\"https:\/\/balencio.com\/nl\/meten\/wetenschappelijke-scans\/\" rel=\"bookmark\" >Wetenschappelijke scans<\/a><\/h2>\t<\/header><!-- .entry-header -->\n\t\t\t\t<div class=\"entry-summary clearfix\">\n\t\t\t\t<p>Krijg een globale en objectieve kijk op uw menselijk kapitaal dankzij onze multifactori\u00eble modellen die gevalideerd zijn door UCLouvain.<\/p>\n\t\t\t<\/div><!-- .entry-summary -->\n\t\t\t\t<\/div><!-- .card-body -->\n\n\t\t\t<\/div><!-- .card -->\n\t\t\t\t\t<\/article><!-- #post-## -->\n\n\t\t\t\n\t\t\t\t<article id=\"post-69e04e316bbc9\" class=\"swiper-slide post-3091 page type-page status-publish has-post-thumbnail hentry\">\n\t\t\t\t\t\t<div class=\"card grimlock-post__card post__card\">\n\t\t\n\t\t<div class=\"card-body\">\n\t\t\t\t<header class=\"entry-header clearfix\">\n\t\t\t\t<i style=\"--balencio-header-title-background-color: var(--balencio-blue-600);\" class=\"bx bx-category\"><\/i>\n\t\t<h2 class=\"entry-title\"><a href=\"https:\/\/balencio.com\/nl\/analyseren\/dashboard\/\" rel=\"bookmark\" >HR-dashboard<\/a><\/h2>\t<\/header><!-- .entry-header -->\n\t\t\t\t<div class=\"entry-summary clearfix\">\n\t\t\t\t<p>Beheer uw HR-kapitaal moeiteloos dankzij het dashboard van Balencio. <\/p>\n\t\t\t<\/div><!-- .entry-summary -->\n\t\t\t\t<\/div><!-- .card-body -->\n\n\t\t\t<\/div><!-- .card -->\n\t\t\t\t\t<\/article><!-- #post-## -->\n\n\t\t\t\n\t\t\t\t<article id=\"post-69e04e316c589\" class=\"swiper-slide post-3075 page type-page status-publish has-post-thumbnail hentry\">\n\t\t\t\t\t\t<div class=\"card grimlock-post__card post__card\">\n\t\t\n\t\t<div class=\"card-body\">\n\t\t\t\t<header class=\"entry-header clearfix\">\n\t\t\t\t<i style=\"--balencio-header-title-background-color: var(--balencio-primary-600);\" class=\"bx bx-category-alt\"><\/i>\n\t\t<h2 class=\"entry-title\"><a href=\"https:\/\/balencio.com\/nl\/actie-ondernemen\/prioriteitenmatrix\/\" rel=\"bookmark\" >Prioriteitenmatrix<\/a><\/h2>\t<\/header><!-- .entry-header -->\n\t\t\t\t<div class=\"entry-summary clearfix\">\n\t\t\t\t<p>Bekijk in \u00e9\u00e9n oogopslag de sterke punten die u verder kunt ontwikkelen en de gebieden waar u aan moet werken met behulp van onze prioriteitenmatrix. <\/p>\n\t\t\t<\/div><!-- .entry-summary -->\n\t\t\t\t<\/div><!-- .card-body -->\n\n\t\t\t<\/div><!-- .card -->\n\t\t\t\t\t<\/article><!-- #post-## -->\n\n\t\t\t\n\t\t\t\t\t<\/div><!-- .swiper-wrapper -->\n\n\t\t\t\t\n\t\t\t\t\t<div class=\"swiper-pagination\"><\/div><!-- swiper-pagination -->\n\n\t\t\t\t\n\t\t\t<\/div><!-- .swiper-container -->\n\n\n\t\t\t\n\t\t\t\t<div class=\"swiper-button-prev\"><\/div>\n\t\t\t\t<div class=\"swiper-button-next\"><\/div>\n\n\t\t\t\n\t\t\t<\/div><!-- .grimlock-region -->\n\t\t<\/div><\/div>\n\n\n","protected":false},"excerpt":{"rendered":"","protected":false},"author":3,"featured_media":0,"parent":0,"menu_order":0,"comment_status":"closed","ping_status":"closed","template":"template-full-width-no-header.php","meta":{"_acf_changed":false,"inline_featured_image":false,"footnotes":""},"class_list":["post-3035","page","type-page","status-publish","hentry"],"acf":[],"yoast_head":"<!-- This site is optimized with the Yoast SEO plugin v27.3 - https:\/\/yoast.com\/product\/yoast-seo-wordpress\/ -->\n<title>Prioriteer uw HR-acties met Balencio<\/title>\n<meta name=\"description\" content=\"Weet waar en hoe te handelen om maximale impact te bereiken met gerichte HR-acties. Bied optimale begeleiding aan uw medewerkers.\" \/>\n<meta name=\"robots\" content=\"index, follow, max-snippet:-1, max-image-preview:large, max-video-preview:-1\" \/>\n<link rel=\"canonical\" href=\"https:\/\/balencio.com\/nl\/actie-ondernemen\/\" \/>\n<meta property=\"og:locale\" content=\"nl_NL\" \/>\n<meta property=\"og:type\" content=\"article\" \/>\n<meta property=\"og:title\" content=\"Prioriteer uw HR-acties met Balencio\" \/>\n<meta property=\"og:description\" content=\"Weet waar en hoe te handelen om maximale impact te bereiken met gerichte HR-acties. Bied optimale begeleiding aan uw medewerkers.\" \/>\n<meta property=\"og:url\" content=\"https:\/\/balencio.com\/nl\/actie-ondernemen\/\" \/>\n<meta property=\"og:site_name\" content=\"Balencio\" \/>\n<meta property=\"article:modified_time\" content=\"2026-04-14T09:02:22+00:00\" \/>\n<meta name=\"twitter:card\" content=\"summary_large_image\" \/>\n<meta name=\"twitter:label1\" content=\"Geschatte leestijd\" \/>\n\t<meta name=\"twitter:data1\" content=\"1 minuut\" \/>\n<script type=\"application\/ld+json\" class=\"yoast-schema-graph\">{\"@context\":\"https:\\\/\\\/schema.org\",\"@graph\":[{\"@type\":\"WebPage\",\"@id\":\"https:\\\/\\\/balencio.com\\\/nl\\\/actie-ondernemen\\\/\",\"url\":\"https:\\\/\\\/balencio.com\\\/nl\\\/actie-ondernemen\\\/\",\"name\":\"Prioriteer uw HR-acties met Balencio\",\"isPartOf\":{\"@id\":\"https:\\\/\\\/balencio.com\\\/nl\\\/#website\"},\"primaryImageOfPage\":{\"@id\":\"https:\\\/\\\/balencio.com\\\/nl\\\/actie-ondernemen\\\/#primaryimage\"},\"image\":{\"@id\":\"https:\\\/\\\/balencio.com\\\/nl\\\/actie-ondernemen\\\/#primaryimage\"},\"thumbnailUrl\":\"https:\\\/\\\/balencio.com\\\/wp-content\\\/uploads\\\/2023\\\/08\\\/primary-plane-1.svg\",\"datePublished\":\"2023-08-16T09:22:24+00:00\",\"dateModified\":\"2026-04-14T09:02:22+00:00\",\"description\":\"Weet waar en hoe te handelen om maximale impact te bereiken met gerichte HR-acties. Bied optimale begeleiding aan uw medewerkers.\",\"breadcrumb\":{\"@id\":\"https:\\\/\\\/balencio.com\\\/nl\\\/actie-ondernemen\\\/#breadcrumb\"},\"inLanguage\":\"nl-NL\",\"potentialAction\":[{\"@type\":\"ReadAction\",\"target\":[\"https:\\\/\\\/balencio.com\\\/nl\\\/actie-ondernemen\\\/\"]}]},{\"@type\":\"ImageObject\",\"inLanguage\":\"nl-NL\",\"@id\":\"https:\\\/\\\/balencio.com\\\/nl\\\/actie-ondernemen\\\/#primaryimage\",\"url\":\"https:\\\/\\\/balencio.com\\\/wp-content\\\/uploads\\\/2023\\\/08\\\/primary-plane-1.svg\",\"contentUrl\":\"https:\\\/\\\/balencio.com\\\/wp-content\\\/uploads\\\/2023\\\/08\\\/primary-plane-1.svg\"},{\"@type\":\"BreadcrumbList\",\"@id\":\"https:\\\/\\\/balencio.com\\\/nl\\\/actie-ondernemen\\\/#breadcrumb\",\"itemListElement\":[{\"@type\":\"ListItem\",\"position\":1,\"name\":\"Home\",\"item\":\"https:\\\/\\\/balencio.com\\\/nl\\\/\"},{\"@type\":\"ListItem\",\"position\":2,\"name\":\"Actie ondernemen\"}]},{\"@type\":\"WebSite\",\"@id\":\"https:\\\/\\\/balencio.com\\\/nl\\\/#website\",\"url\":\"https:\\\/\\\/balencio.com\\\/nl\\\/\",\"name\":\"Balencio\",\"description\":\"Expert en gestion du capital humain\",\"publisher\":{\"@id\":\"https:\\\/\\\/balencio.com\\\/nl\\\/#organization\"},\"potentialAction\":[{\"@type\":\"SearchAction\",\"target\":{\"@type\":\"EntryPoint\",\"urlTemplate\":\"https:\\\/\\\/balencio.com\\\/nl\\\/?s={search_term_string}\"},\"query-input\":{\"@type\":\"PropertyValueSpecification\",\"valueRequired\":true,\"valueName\":\"search_term_string\"}}],\"inLanguage\":\"nl-NL\"},{\"@type\":\"Organization\",\"@id\":\"https:\\\/\\\/balencio.com\\\/nl\\\/#organization\",\"name\":\"Balencio\",\"url\":\"https:\\\/\\\/balencio.com\\\/nl\\\/\",\"logo\":{\"@type\":\"ImageObject\",\"inLanguage\":\"nl-NL\",\"@id\":\"https:\\\/\\\/balencio.com\\\/nl\\\/#\\\/schema\\\/logo\\\/image\\\/\",\"url\":\"https:\\\/\\\/balencio.com\\\/wp-content\\\/uploads\\\/2023\\\/06\\\/logo.svg\",\"contentUrl\":\"https:\\\/\\\/balencio.com\\\/wp-content\\\/uploads\\\/2023\\\/06\\\/logo.svg\",\"width\":\"1024\",\"height\":\"1024\",\"caption\":\"Balencio\"},\"image\":{\"@id\":\"https:\\\/\\\/balencio.com\\\/nl\\\/#\\\/schema\\\/logo\\\/image\\\/\"},\"sameAs\":[\"https:\\\/\\\/be.linkedin.com\\\/company\\\/balencio\"]}]}<\/script>\n<!-- \/ Yoast SEO plugin. -->","yoast_head_json":{"title":"Prioriteer uw HR-acties met Balencio","description":"Weet waar en hoe te handelen om maximale impact te bereiken met gerichte HR-acties. Bied optimale begeleiding aan uw medewerkers.","robots":{"index":"index","follow":"follow","max-snippet":"max-snippet:-1","max-image-preview":"max-image-preview:large","max-video-preview":"max-video-preview:-1"},"canonical":"https:\/\/balencio.com\/nl\/actie-ondernemen\/","og_locale":"nl_NL","og_type":"article","og_title":"Prioriteer uw HR-acties met Balencio","og_description":"Weet waar en hoe te handelen om maximale impact te bereiken met gerichte HR-acties. Bied optimale begeleiding aan uw medewerkers.","og_url":"https:\/\/balencio.com\/nl\/actie-ondernemen\/","og_site_name":"Balencio","article_modified_time":"2026-04-14T09:02:22+00:00","twitter_card":"summary_large_image","twitter_misc":{"Geschatte leestijd":"1 minuut"},"schema":{"@context":"https:\/\/schema.org","@graph":[{"@type":"WebPage","@id":"https:\/\/balencio.com\/nl\/actie-ondernemen\/","url":"https:\/\/balencio.com\/nl\/actie-ondernemen\/","name":"Prioriteer uw HR-acties met Balencio","isPartOf":{"@id":"https:\/\/balencio.com\/nl\/#website"},"primaryImageOfPage":{"@id":"https:\/\/balencio.com\/nl\/actie-ondernemen\/#primaryimage"},"image":{"@id":"https:\/\/balencio.com\/nl\/actie-ondernemen\/#primaryimage"},"thumbnailUrl":"https:\/\/balencio.com\/wp-content\/uploads\/2023\/08\/primary-plane-1.svg","datePublished":"2023-08-16T09:22:24+00:00","dateModified":"2026-04-14T09:02:22+00:00","description":"Weet waar en hoe te handelen om maximale impact te bereiken met gerichte HR-acties. Bied optimale begeleiding aan uw medewerkers.","breadcrumb":{"@id":"https:\/\/balencio.com\/nl\/actie-ondernemen\/#breadcrumb"},"inLanguage":"nl-NL","potentialAction":[{"@type":"ReadAction","target":["https:\/\/balencio.com\/nl\/actie-ondernemen\/"]}]},{"@type":"ImageObject","inLanguage":"nl-NL","@id":"https:\/\/balencio.com\/nl\/actie-ondernemen\/#primaryimage","url":"https:\/\/balencio.com\/wp-content\/uploads\/2023\/08\/primary-plane-1.svg","contentUrl":"https:\/\/balencio.com\/wp-content\/uploads\/2023\/08\/primary-plane-1.svg"},{"@type":"BreadcrumbList","@id":"https:\/\/balencio.com\/nl\/actie-ondernemen\/#breadcrumb","itemListElement":[{"@type":"ListItem","position":1,"name":"Home","item":"https:\/\/balencio.com\/nl\/"},{"@type":"ListItem","position":2,"name":"Actie ondernemen"}]},{"@type":"WebSite","@id":"https:\/\/balencio.com\/nl\/#website","url":"https:\/\/balencio.com\/nl\/","name":"Balencio","description":"Expert en gestion du capital humain","publisher":{"@id":"https:\/\/balencio.com\/nl\/#organization"},"potentialAction":[{"@type":"SearchAction","target":{"@type":"EntryPoint","urlTemplate":"https:\/\/balencio.com\/nl\/?s={search_term_string}"},"query-input":{"@type":"PropertyValueSpecification","valueRequired":true,"valueName":"search_term_string"}}],"inLanguage":"nl-NL"},{"@type":"Organization","@id":"https:\/\/balencio.com\/nl\/#organization","name":"Balencio","url":"https:\/\/balencio.com\/nl\/","logo":{"@type":"ImageObject","inLanguage":"nl-NL","@id":"https:\/\/balencio.com\/nl\/#\/schema\/logo\/image\/","url":"https:\/\/balencio.com\/wp-content\/uploads\/2023\/06\/logo.svg","contentUrl":"https:\/\/balencio.com\/wp-content\/uploads\/2023\/06\/logo.svg","width":"1024","height":"1024","caption":"Balencio"},"image":{"@id":"https:\/\/balencio.com\/nl\/#\/schema\/logo\/image\/"},"sameAs":["https:\/\/be.linkedin.com\/company\/balencio"]}]}},"_links":{"self":[{"href":"https:\/\/balencio.com\/nl\/wp-json\/wp\/v2\/pages\/3035","targetHints":{"allow":["GET"]}}],"collection":[{"href":"https:\/\/balencio.com\/nl\/wp-json\/wp\/v2\/pages"}],"about":[{"href":"https:\/\/balencio.com\/nl\/wp-json\/wp\/v2\/types\/page"}],"author":[{"embeddable":true,"href":"https:\/\/balencio.com\/nl\/wp-json\/wp\/v2\/users\/3"}],"replies":[{"embeddable":true,"href":"https:\/\/balencio.com\/nl\/wp-json\/wp\/v2\/comments?post=3035"}],"version-history":[{"count":8,"href":"https:\/\/balencio.com\/nl\/wp-json\/wp\/v2\/pages\/3035\/revisions"}],"predecessor-version":[{"id":8461,"href":"https:\/\/balencio.com\/nl\/wp-json\/wp\/v2\/pages\/3035\/revisions\/8461"}],"wp:attachment":[{"href":"https:\/\/balencio.com\/nl\/wp-json\/wp\/v2\/media?parent=3035"}],"curies":[{"name":"wp","href":"https:\/\/api.w.org\/{rel}","templated":true}]}}