{"id":3188,"date":"2023-06-20T17:45:00","date_gmt":"2023-06-20T15:45:00","guid":{"rendered":"https:\/\/new.balencio.com\/measure\/"},"modified":"2026-03-24T15:11:00","modified_gmt":"2026-03-24T14:11:00","slug":"measure","status":"publish","type":"page","link":"https:\/\/balencio.com\/en\/measure\/","title":{"rendered":"Measure"},"content":{"rendered":"\n<div class=\"wp-block-grimlock-wrapper alignfull  wp-block-grimlock-wrapper--inner-narrower\" style=\"--grimlock-wrapper-background-color:#F8F9FA;--grimlock-wrapper-margin-bottom:0rem;--grimlock-wrapper-padding-top:3vw;--grimlock-wrapper-border-top:0 solid #00000000;--grimlock-wrapper-border-bottom:0 solid #00000000;--grimlock-wrapper-border-left:0 solid #00000000;--grimlock-wrapper-border-right:0 solid #00000000;--grimlock-wrapper-overflow:visible\"><div class=\"wp-block-grimlock-wrapper__bg\"><\/div><div class=\"wp-block-grimlock-wrapper__bg-overlay\"><\/div><div class=\"wp-block-grimlock-wrapper__inner\"><h1 class=\"wp-block-heading has-text-align-center has-black-color has-text-color has-text-bigger-font-size\" style=\"font-style:normal;font-weight:400;text-transform:uppercase\" id=\"measure\">Measure<\/h1>\n\n\n<div style=\"height:0.5rem\" aria-hidden=\"true\" class=\"wp-block-spacer\"><\/div>\n\n\n<h2 class=\"wp-block-heading has-text-align-center\" id=\"our-features-for-measuring-employee-expectations-and-feelings\"><strong>Our features for measuring employee expectations and feelings<\/strong> <\/h2>\n\n\n<div style=\"height:1rem\" aria-hidden=\"true\" class=\"wp-block-spacer\"><\/div>\n\n\n\n<p class=\"has-text-align-center has-text-bigger-font-size\">Balencio offers you a complete range of turnkey solutions to measure and deepen your understanding of how workers feel. <\/p>\n\n\n\n<div style=\"height:1rem\" aria-hidden=\"true\" class=\"wp-block-spacer\"><\/div>\n\n\n\n<div class=\"wp-block-buttons is-content-justification-center is-layout-flex wp-container-core-buttons-is-layout-16018d1d wp-block-buttons-is-layout-flex\">\n<div class=\"wp-block-button popmake-3063\"><a class=\"wp-block-button__link wp-element-button\">Request a demo<\/a><\/div>\n\n\n\n<div class=\"wp-block-button is-style-primary-outline popmake-3959\"><a class=\"wp-block-button__link has-text-align-left wp-element-button\">Request a quote<\/a><\/div>\n<\/div>\n\n\n\n<div style=\"height:5vw\" aria-hidden=\"true\" class=\"wp-block-spacer\"><\/div>\n\n\n\t\t\t<div  class=\" wp-block-grimlock-divider alignfull grimlock-divider grimlock-divider--flip-shape-horizontally grimlock-divider--align-icon-center-center\" style=\"--grimlock-divider-shape-color:#F8F9FA;--grimlock-divider-icon-color:#000000;--grimlock-divider-background-color:#fefefe;--grimlock-divider-icon-size:20px;--grimlock-divider-height:100px;--grimlock-divider-margin-top:0px;--grimlock-divider-margin-bottom:0px;z-index:0;\"  >\n\t\t\t\t\n\t\t\t<div class=\"grimlock-divider__icon\">\n\n\t\t\t\t<svg width=\"40\" height=\"40\" xmlns=\"http:\/\/www.w3.org\/2000\/svg\" viewBox=\"0 0 40 40\"><\/svg>\n\n\t\t\t<\/div>\n\n\t\t\t\t\t\t\n\t\t\t<div class=\"grimlock-divider__shape\">\n\t\t\t\t<svg viewBox=\"0 0 1600 200\" xmlns=\"http:\/\/www.w3.org\/2000\/svg\" preserveAspectRatio=\"none\" class=\"grimlock-divider-svg grimlock-divider-svg--curve\" aria-hidden=\"true\"><path d=\"M1610 177.3C1423 122.9 1133.3 88 808 88c-334.7 0-631.8 37-818 94.1v28h1620v-32.8z\"><\/path><\/svg>\n\t\t\t<\/div>\n\n\t\t\t\t\t<\/div>\n\t\t<\/div><\/div>\n\n<div class=\"wp-block-group\" data-aos=\"fade-up-left\" data-aos-duration=\"750\" data-aos-easing=\"ease-in-out\" data-aos-once=\"true\"><div class=\"wp-block-group__inner-container is-layout-constrained wp-block-group-is-layout-constrained\">\n<figure class=\"wp-block-image size-large is-resized floating--right\"><img decoding=\"async\" src=\"https:\/\/balencio.com\/wp-content\/uploads\/2023\/06\/plane-green.svg\" alt=\"\" class=\"wp-image-590\" style=\"width:267px;height:252px\"\/><\/figure>\n<\/div><\/div>\n\n<div class=\"wp-block-grimlock-wrapper alignfull\" style=\"--grimlock-wrapper-padding-top:4rem;--grimlock-wrapper-padding-bottom:4rem;--grimlock-wrapper-border-top:0 solid #00000000;--grimlock-wrapper-border-bottom:0 solid #00000000;--grimlock-wrapper-border-left:0 solid #00000000;--grimlock-wrapper-border-right:0 solid #00000000\"><div class=\"wp-block-grimlock-wrapper__bg\"><\/div><div class=\"wp-block-grimlock-wrapper__bg-overlay\"><\/div><div class=\"wp-block-grimlock-wrapper__inner\">\t\t\t<div data-aos-duration=\"750\" data-aos-easing=\"ease-in-out\" data-aos-once=\"true\" data-aos=\"fade-up\"  class=\" wp-block-grimlock-query grimlock-query grimlock-posts--12-cols-lateral-modern-alternate grimlock-posts--per-page-5 grimlock-posts--type-page\" style=\"border-color:transparent;border-style:solid;border-width:0;\"  >\n\n\t\t\t\n\t\t\t\t<article id=\"post-69d7702cb0dcf\" class=\"post-3204 page type-page status-publish has-post-thumbnail hentry\">\n\t\t\t\t\t\t<div class=\"card grimlock-post__card post__card\">\n\t\t\n\t\t\t<div class=\"card-media\">\n\n\t\t\t\t\n\t\t\t\t\t\t<div class=\"card-floating\">\n\t\t\t\t\t\t\t\t\t\t\t\t\t<\/div>\n\n\t\t\t\t\t\t\t\t\t\t\t\t<div class=\"post-thumbnail\">\n\t\t\t\t\t\t\t<img decoding=\"async\" width=\"1314\" height=\"1018\" src=\"https:\/\/balencio.com\/wp-content\/uploads\/2023\/07\/ecouter-1.png\" class=\"card-img wp-post-image\" alt=\"Illustration d\u2019un personnage autour d\u2019une grande ampoule symbolisant une id\u00e9e ou une d\u00e9couverte.\" srcset=\"https:\/\/balencio.com\/wp-content\/uploads\/2023\/07\/ecouter-1.png 1314w, https:\/\/balencio.com\/wp-content\/uploads\/2023\/07\/ecouter-1-300x232.png 300w, https:\/\/balencio.com\/wp-content\/uploads\/2023\/07\/ecouter-1-1024x793.png 1024w, https:\/\/balencio.com\/wp-content\/uploads\/2023\/07\/ecouter-1-768x595.png 768w\" sizes=\"(max-width: 1314px) 100vw, 1314px\" \/>\t\t\t\t\t\t<\/div>\n\t\t\t\t\t\n\t\t\t<\/div><!-- .card-media -->\n\n\t\t\n\t\t<div class=\"card-body\">\n\t\t\t\t<header class=\"entry-header clearfix\">\n\t\t<h2 class=\"entry-title\"><a href=\"https:\/\/balencio.com\/en\/measure\/scientific-scans\/\" rel=\"bookmark\" >Scientific scans<\/a><\/h2>\t<\/header><!-- .entry-header -->\n\t\t\t\t<div class=\"entry-summary clearfix\">\n\t\t\t\t<p>Get a global and objective view of your human capital thanks to our multi-factorial models validated by UCLouvain.<\/p>\n\t\t\t<\/div><!-- .entry-summary -->\n\t\t\t\t<\/div><!-- .card-body -->\n\n\t\t\t<\/div><!-- .card -->\n\t\t\t\t\t<\/article><!-- #post-## -->\n\n\t\t\t\n\t\t\t\t<article id=\"post-69d7702cb1ed5\" class=\"post-2968 page type-page status-publish has-post-thumbnail hentry\">\n\t\t\t\t\t\t<div class=\"card grimlock-post__card post__card\">\n\t\t\n\t\t\t<div class=\"card-media\">\n\n\t\t\t\t\n\t\t\t\t\t\t<div class=\"card-floating\">\n\t\t\t\t\t\t\t\t\t\t\t\t\t<\/div>\n\n\t\t\t\t\t\t\t\t\t\t\t\t<div class=\"post-thumbnail\">\n\t\t\t\t\t\t\t<img decoding=\"async\" width=\"655\" height=\"505\" src=\"https:\/\/balencio.com\/wp-content\/uploads\/2023\/08\/pulse-1.svg\" class=\"card-img wp-post-image\" alt=\"Illustration d\u2019un personnage personnalisant une interface mobile avec des options d\u2019images, de polices et de mise en page.\" \/>\t\t\t\t\t\t<\/div>\n\t\t\t\t\t\n\t\t\t<\/div><!-- .card-media -->\n\n\t\t\n\t\t<div class=\"card-body\">\n\t\t\t\t<header class=\"entry-header clearfix\">\n\t\t<h2 class=\"entry-title\"><a href=\"https:\/\/balencio.com\/en\/measure\/pulse\/\" rel=\"bookmark\" >Pulse<\/a><\/h2>\t<\/header><!-- .entry-header -->\n\t\t\t\t<div class=\"entry-summary clearfix\">\n\t\t\t\t<p>Gather feedback from your collaborators on the questions that truly matter to you. Build your own questionnaires in just a few clicks. Ask as many questions as you&#8217;d like. <\/p>\n\t\t\t<\/div><!-- .entry-summary -->\n\t\t\t\t<\/div><!-- .card-body -->\n\n\t\t\t<\/div><!-- .card -->\n\t\t\t\t\t<\/article><!-- #post-## -->\n\n\t\t\t\n\t\t\t\t<article id=\"post-69d7702cb2b3b\" class=\"post-3214 page type-page status-publish has-post-thumbnail hentry\">\n\t\t\t\t\t\t<div class=\"card grimlock-post__card post__card\">\n\t\t\n\t\t\t<div class=\"card-media\">\n\n\t\t\t\t\n\t\t\t\t\t\t<div class=\"card-floating\">\n\t\t\t\t\t\t\t\t\t\t\t\t\t<\/div>\n\n\t\t\t\t\t\t\t\t\t\t\t\t<div class=\"post-thumbnail\">\n\t\t\t\t\t\t\t<img decoding=\"async\" width=\"655\" height=\"519\" src=\"https:\/\/balencio.com\/wp-content\/uploads\/2023\/08\/self-assessment-small.svg\" class=\"card-img wp-post-image\" alt=\"Illustration montrant un questionnaire sur clipboard, des ic\u00f4nes de satisfaction, des \u00e9valuations par \u00e9toiles et un graphique circulaire, avec un crayon au premier plan.\" \/>\t\t\t\t\t\t<\/div>\n\t\t\t\t\t\n\t\t\t<\/div><!-- .card-media -->\n\n\t\t\n\t\t<div class=\"card-body\">\n\t\t\t\t<header class=\"entry-header clearfix\">\n\t\t<h2 class=\"entry-title\"><a href=\"https:\/\/balencio.com\/en\/measure\/self-assessment\/\" rel=\"bookmark\" >Self-assessment<\/a><\/h2>\t<\/header><!-- .entry-header -->\n\t\t\t\t<div class=\"entry-summary clearfix\">\n\t\t\t\t<p>Empower your employees by offering them the opportunity to self-assess and take action on the factors that influence their well-being and performance at work. <\/p>\n\t\t\t<\/div><!-- .entry-summary -->\n\t\t\t\t<\/div><!-- .card-body -->\n\n\t\t\t<\/div><!-- .card -->\n\t\t\t\t\t<\/article><!-- #post-## -->\n\n\t\t\t\n\t\t\t\t<article id=\"post-69d7702cb38e1\" class=\"post-3206 page type-page status-publish has-post-thumbnail hentry\">\n\t\t\t\t\t\t<div class=\"card grimlock-post__card post__card\">\n\t\t\n\t\t\t<div class=\"card-media\">\n\n\t\t\t\t\n\t\t\t\t\t\t<div class=\"card-floating\">\n\t\t\t\t\t\t\t\t\t\t\t\t\t<\/div>\n\n\t\t\t\t\t\t\t\t\t\t\t\t<div class=\"post-thumbnail\">\n\t\t\t\t\t\t\t<img decoding=\"async\" width=\"655\" height=\"504\" src=\"https:\/\/balencio.com\/wp-content\/uploads\/2023\/08\/questionnaire-sur-mesure-small.svg\" class=\"card-img wp-post-image\" alt=\"Illustration d\u2019un groupe de personnes collaborant sur la cr\u00e9ation d\u2019une interface num\u00e9rique, manipulant diff\u00e9rents modules dans un environnement graphique.\" \/>\t\t\t\t\t\t<\/div>\n\t\t\t\t\t\n\t\t\t<\/div><!-- .card-media -->\n\n\t\t\n\t\t<div class=\"card-body\">\n\t\t\t\t<header class=\"entry-header clearfix\">\n\t\t<h2 class=\"entry-title\"><a href=\"https:\/\/balencio.com\/en\/measure\/customized-questionnaires\/\" rel=\"bookmark\" >Customized questionnaires<\/a><\/h2>\t<\/header><!-- .entry-header -->\n\t\t\t\t<div class=\"entry-summary clearfix\">\n\t\t\t\t<p>With the assistance of Balencio&#8217;s experts, create a scientifically tailored questionnaire that perfectly aligns with your specific needs. <\/p>\n\t\t\t<\/div><!-- .entry-summary -->\n\t\t\t\t<\/div><!-- .card-body -->\n\n\t\t\t<\/div><!-- .card -->\n\t\t\t\t\t<\/article><!-- #post-## -->\n\n\t\t\t\n\t\t\t\t<article id=\"post-69d7702cb4521\" class=\"post-3194 page type-page status-publish has-post-thumbnail hentry\">\n\t\t\t\t\t\t<div class=\"card grimlock-post__card post__card\">\n\t\t\n\t\t\t<div class=\"card-media\">\n\n\t\t\t\t\n\t\t\t\t\t\t<div class=\"card-floating\">\n\t\t\t\t\t\t\t\t\t\t\t\t\t<\/div>\n\n\t\t\t\t\t\t\t\t\t\t\t\t<div class=\"post-thumbnail\">\n\t\t\t\t\t\t\t<img decoding=\"async\" width=\"655\" height=\"496\" src=\"https:\/\/balencio.com\/wp-content\/uploads\/2023\/08\/integration.svg\" class=\"card-img wp-post-image\" alt=\"Illustration d\u2019un personnage observant un test en ligne affich\u00e9 sur un grand \u00e9cran d\u2019ordinateur.\" \/>\t\t\t\t\t\t<\/div>\n\t\t\t\t\t\n\t\t\t<\/div><!-- .card-media -->\n\n\t\t\n\t\t<div class=\"card-body\">\n\t\t\t\t<header class=\"entry-header clearfix\">\n\t\t<h2 class=\"entry-title\"><a href=\"https:\/\/balencio.com\/en\/measure\/integrate-your-questionnaires\/\" rel=\"bookmark\" >Integrate your questionnaires<\/a><\/h2>\t<\/header><!-- .entry-header -->\n\t\t\t\t<div class=\"entry-summary clearfix\">\n\t\t\t\t<p>Centralize all your questionnaires in Balencio. <\/p>\n\t\t\t<\/div><!-- .entry-summary -->\n\t\t\t\t<\/div><!-- .card-body -->\n\n\t\t\t<\/div><!-- .card -->\n\t\t\t\t\t<\/article><!-- #post-## -->\n\n\t\t\t\n\t\t\t<\/div><!-- .grimlock-region -->\n\t\t<\/div><\/div>\n\n<div class=\"wp-block-grimlock-wrapper alignfull\" style=\"--grimlock-wrapper-background-color:#F8F9FA;--grimlock-wrapper-padding-top:6rem;--grimlock-wrapper-padding-right:0rem;--grimlock-wrapper-padding-bottom:4rem;--grimlock-wrapper-border-top:0 solid #00000000;--grimlock-wrapper-border-bottom:0 solid #00000000;--grimlock-wrapper-border-left:0 solid #00000000;--grimlock-wrapper-border-right:0 solid #00000000;--grimlock-wrapper-overflow:visible\" data-aos=\"fade\" data-aos-duration=\"750\" data-aos-once=\"true\"><div class=\"wp-block-grimlock-wrapper__bg\"><\/div><div class=\"wp-block-grimlock-wrapper__bg-overlay\"><\/div><div class=\"wp-block-grimlock-wrapper__inner\">\n<div class=\"wp-block-group\" data-aos=\"fade-down-left\" data-aos-duration=\"750\" data-aos-easing=\"ease-in-out\" data-aos-once=\"true\"><div class=\"wp-block-group__inner-container is-layout-constrained wp-block-group-is-layout-constrained\">\n<figure class=\"wp-block-image size-large is-resized floating--right\" data-aos=\"fade-down-left\" data-aos-duration=\"750\" data-aos-once=\"true\"><img decoding=\"async\" src=\"https:\/\/balencio.com\/wp-content\/uploads\/2023\/06\/plane-yellow.svg\" alt=\"\" class=\"wp-image-343\" style=\"width:243px;height:222px\" width=\"243\" height=\"222\"\/><\/figure>\n<\/div><\/div>\n\n\n\n<h2 class=\"wp-block-heading has-text-align-center\">You&#8217;re going to <mark style=\"background-color:#FFC078\" class=\"has-inline-color\">love<\/mark> these features!<\/h2>\n\n\n\t\t\t<div data-aos-duration=\"750\" data-aos-once=\"true\" data-aos=\"fade-up\"  class=\" wp-block-grimlock-query grimlock-query grimlock-posts--3-3-3-3-cols-classic-slider grimlock-posts--per-page-4 grimlock-posts--type-page\" style=\"border-color:transparent;border-style:solid;border-width:0;\"  data-auto-slide-enabled=\"1\" data-slider-arrows-enabled=\"1\" data-slider-pagination=\"bullets\" data-slider-loop-enabled=\"\" data-slides-per-view=\"4\">\n\n\t\t\t\n\t\t\t<div class=\"swiper-container\">\n\t\t\t\t<div class=\"swiper-wrapper\">\n\n\t\t\n\t\t\t\t<article id=\"post-69d7702cb6c02\" class=\"swiper-slide post-2968 page type-page status-publish has-post-thumbnail hentry\">\n\t\t\t\t\t\t<div class=\"card grimlock-post__card post__card\">\n\t\t\n\t\t<div class=\"card-body\">\n\t\t\t\t<header class=\"entry-header clearfix\">\n\t\t\t\t<i style=\"--balencio-header-title-background-color: var(--balencio-success-600);\" class=\"bx bx-pulse\"><\/i>\n\t\t<h2 class=\"entry-title\"><a href=\"https:\/\/balencio.com\/en\/measure\/pulse\/\" rel=\"bookmark\" >Pulse<\/a><\/h2>\t<\/header><!-- .entry-header -->\n\t\t\t\t<div class=\"entry-summary clearfix\">\n\t\t\t\t<p>Gather feedback from your collaborators on the questions that truly matter to you. Build your own questionnaires in just a few clicks. Ask as many questions as you&#8217;d like. <\/p>\n\t\t\t<\/div><!-- .entry-summary -->\n\t\t\t\t<\/div><!-- .card-body -->\n\n\t\t\t<\/div><!-- .card -->\n\t\t\t\t\t<\/article><!-- #post-## -->\n\n\t\t\t\n\t\t\t\t<article id=\"post-69d7702cb898b\" class=\"swiper-slide post-3204 page type-page status-publish has-post-thumbnail hentry\">\n\t\t\t\t\t\t<div class=\"card grimlock-post__card post__card\">\n\t\t\n\t\t<div class=\"card-body\">\n\t\t\t\t<header class=\"entry-header clearfix\">\n\t\t\t\t<i style=\"--balencio-header-title-background-color: var(--balencio-success-600);\" class=\"bx bx-hive\"><\/i>\n\t\t<h2 class=\"entry-title\"><a href=\"https:\/\/balencio.com\/en\/measure\/scientific-scans\/\" rel=\"bookmark\" >Scientific scans<\/a><\/h2>\t<\/header><!-- .entry-header -->\n\t\t\t\t<div class=\"entry-summary clearfix\">\n\t\t\t\t<p>Get a global and objective view of your human capital thanks to our multi-factorial models validated by UCLouvain.<\/p>\n\t\t\t<\/div><!-- .entry-summary -->\n\t\t\t\t<\/div><!-- .card-body -->\n\n\t\t\t<\/div><!-- .card -->\n\t\t\t\t\t<\/article><!-- #post-## -->\n\n\t\t\t\n\t\t\t\t<article id=\"post-69d7702cb909f\" class=\"swiper-slide post-3153 page type-page status-publish has-post-thumbnail hentry\">\n\t\t\t\t\t\t<div class=\"card grimlock-post__card post__card\">\n\t\t\n\t\t<div class=\"card-body\">\n\t\t\t\t<header class=\"entry-header clearfix\">\n\t\t\t\t<i style=\"--balencio-header-title-background-color: var(--balencio-blue-600);\" class=\"bx bx-category\"><\/i>\n\t\t<h2 class=\"entry-title\"><a href=\"https:\/\/balencio.com\/en\/analyze\/dashboard\/\" rel=\"bookmark\" >HR dashboard<\/a><\/h2>\t<\/header><!-- .entry-header -->\n\t\t\t\t<div class=\"entry-summary clearfix\">\n\t\t\t\t<p>Effortlessly manage your HR capital with Balencio&#8217;s intuitive dashboard. Stay in control and make informed decisions with ease through our user-friendly interface. <\/p>\n\t\t\t<\/div><!-- .entry-summary -->\n\t\t\t\t<\/div><!-- .card-body -->\n\n\t\t\t<\/div><!-- .card -->\n\t\t\t\t\t<\/article><!-- #post-## -->\n\n\t\t\t\n\t\t\t\t<article id=\"post-69d7702cb9c11\" class=\"swiper-slide post-3141 page type-page status-publish has-post-thumbnail hentry\">\n\t\t\t\t\t\t<div class=\"card grimlock-post__card post__card\">\n\t\t\n\t\t<div class=\"card-body\">\n\t\t\t\t<header class=\"entry-header clearfix\">\n\t\t\t\t<i style=\"--balencio-header-title-background-color: var(--balencio-primary-600);\" class=\"bx bx-category-alt\"><\/i>\n\t\t<h2 class=\"entry-title\"><a href=\"https:\/\/balencio.com\/en\/agir\/priorities-matrix\/\" rel=\"bookmark\" >Priorities matrix<\/a><\/h2>\t<\/header><!-- .entry-header -->\n\t\t\t\t<div class=\"entry-summary clearfix\">\n\t\t\t\t<p>See at a glance the strengths you need to cultivate and the priority areas you need to work on. <\/p>\n\t\t\t<\/div><!-- .entry-summary -->\n\t\t\t\t<\/div><!-- .card-body -->\n\n\t\t\t<\/div><!-- .card -->\n\t\t\t\t\t<\/article><!-- #post-## -->\n\n\t\t\t\n\t\t\t\t\t<\/div><!-- .swiper-wrapper -->\n\n\t\t\t\t\n\t\t\t\t\t<div class=\"swiper-pagination\"><\/div><!-- swiper-pagination -->\n\n\t\t\t\t\n\t\t\t<\/div><!-- .swiper-container -->\n\n\n\t\t\t\n\t\t\t\t<div class=\"swiper-button-prev\"><\/div>\n\t\t\t\t<div class=\"swiper-button-next\"><\/div>\n\n\t\t\t\n\t\t\t<\/div><!-- .grimlock-region -->\n\t\t<\/div><\/div>\n","protected":false},"excerpt":{"rendered":"","protected":false},"author":3,"featured_media":0,"parent":0,"menu_order":0,"comment_status":"closed","ping_status":"closed","template":"template-full-width-no-header.php","meta":{"_acf_changed":false,"inline_featured_image":false,"footnotes":""},"class_list":["post-3188","page","type-page","status-publish","hentry"],"acf":[],"yoast_head":"<!-- This site is optimized with the Yoast SEO plugin v27.3 - https:\/\/yoast.com\/product\/yoast-seo-wordpress\/ -->\n<title>Measuring employee sentiment and expectations<\/title>\n<meta name=\"description\" content=\"Balencio offers you a comprehensive range of turnkey solutions to measure and deepen your understanding of employee sentiment.\" \/>\n<meta name=\"robots\" content=\"index, follow, max-snippet:-1, max-image-preview:large, max-video-preview:-1\" \/>\n<link rel=\"canonical\" href=\"https:\/\/balencio.com\/en\/measure\/\" \/>\n<meta property=\"og:locale\" content=\"en_US\" \/>\n<meta property=\"og:type\" content=\"article\" \/>\n<meta property=\"og:title\" content=\"Measuring employee sentiment and expectations\" \/>\n<meta property=\"og:description\" content=\"Balencio offers you a comprehensive range of turnkey solutions to measure and deepen your understanding of employee sentiment.\" \/>\n<meta property=\"og:url\" content=\"https:\/\/balencio.com\/en\/measure\/\" \/>\n<meta property=\"og:site_name\" content=\"Balencio\" \/>\n<meta property=\"article:modified_time\" content=\"2026-03-24T14:11:00+00:00\" \/>\n<meta name=\"twitter:card\" content=\"summary_large_image\" \/>\n<script type=\"application\/ld+json\" class=\"yoast-schema-graph\">{\"@context\":\"https:\\\/\\\/schema.org\",\"@graph\":[{\"@type\":\"WebPage\",\"@id\":\"https:\\\/\\\/balencio.com\\\/en\\\/measure\\\/\",\"url\":\"https:\\\/\\\/balencio.com\\\/en\\\/measure\\\/\",\"name\":\"Measuring employee sentiment and expectations\",\"isPartOf\":{\"@id\":\"https:\\\/\\\/balencio.com\\\/en\\\/#website\"},\"primaryImageOfPage\":{\"@id\":\"https:\\\/\\\/balencio.com\\\/en\\\/measure\\\/#primaryimage\"},\"image\":{\"@id\":\"https:\\\/\\\/balencio.com\\\/en\\\/measure\\\/#primaryimage\"},\"thumbnailUrl\":\"http:\\\/\\\/balencio.com\\\/wp-content\\\/uploads\\\/2023\\\/06\\\/plane-green.svg\",\"datePublished\":\"2023-06-20T15:45:00+00:00\",\"dateModified\":\"2026-03-24T14:11:00+00:00\",\"description\":\"Balencio offers you a comprehensive range of turnkey solutions to measure and deepen your understanding of employee sentiment.\",\"breadcrumb\":{\"@id\":\"https:\\\/\\\/balencio.com\\\/en\\\/measure\\\/#breadcrumb\"},\"inLanguage\":\"en-US\",\"potentialAction\":[{\"@type\":\"ReadAction\",\"target\":[\"https:\\\/\\\/balencio.com\\\/en\\\/measure\\\/\"]}]},{\"@type\":\"ImageObject\",\"inLanguage\":\"en-US\",\"@id\":\"https:\\\/\\\/balencio.com\\\/en\\\/measure\\\/#primaryimage\",\"url\":\"http:\\\/\\\/balencio.com\\\/wp-content\\\/uploads\\\/2023\\\/06\\\/plane-green.svg\",\"contentUrl\":\"http:\\\/\\\/balencio.com\\\/wp-content\\\/uploads\\\/2023\\\/06\\\/plane-green.svg\"},{\"@type\":\"BreadcrumbList\",\"@id\":\"https:\\\/\\\/balencio.com\\\/en\\\/measure\\\/#breadcrumb\",\"itemListElement\":[{\"@type\":\"ListItem\",\"position\":1,\"name\":\"Home\",\"item\":\"https:\\\/\\\/balencio.com\\\/en\\\/\"},{\"@type\":\"ListItem\",\"position\":2,\"name\":\"Measure\"}]},{\"@type\":\"WebSite\",\"@id\":\"https:\\\/\\\/balencio.com\\\/en\\\/#website\",\"url\":\"https:\\\/\\\/balencio.com\\\/en\\\/\",\"name\":\"Balencio\",\"description\":\"Expert en gestion du capital humain\",\"publisher\":{\"@id\":\"https:\\\/\\\/balencio.com\\\/en\\\/#organization\"},\"potentialAction\":[{\"@type\":\"SearchAction\",\"target\":{\"@type\":\"EntryPoint\",\"urlTemplate\":\"https:\\\/\\\/balencio.com\\\/en\\\/?s={search_term_string}\"},\"query-input\":{\"@type\":\"PropertyValueSpecification\",\"valueRequired\":true,\"valueName\":\"search_term_string\"}}],\"inLanguage\":\"en-US\"},{\"@type\":\"Organization\",\"@id\":\"https:\\\/\\\/balencio.com\\\/en\\\/#organization\",\"name\":\"Balencio\",\"url\":\"https:\\\/\\\/balencio.com\\\/en\\\/\",\"logo\":{\"@type\":\"ImageObject\",\"inLanguage\":\"en-US\",\"@id\":\"https:\\\/\\\/balencio.com\\\/en\\\/#\\\/schema\\\/logo\\\/image\\\/\",\"url\":\"https:\\\/\\\/balencio.com\\\/wp-content\\\/uploads\\\/2023\\\/06\\\/logo.svg\",\"contentUrl\":\"https:\\\/\\\/balencio.com\\\/wp-content\\\/uploads\\\/2023\\\/06\\\/logo.svg\",\"width\":\"1024\",\"height\":\"1024\",\"caption\":\"Balencio\"},\"image\":{\"@id\":\"https:\\\/\\\/balencio.com\\\/en\\\/#\\\/schema\\\/logo\\\/image\\\/\"},\"sameAs\":[\"https:\\\/\\\/be.linkedin.com\\\/company\\\/balencio\"]}]}<\/script>\n<!-- \/ Yoast SEO plugin. -->","yoast_head_json":{"title":"Measuring employee sentiment and expectations","description":"Balencio offers you a comprehensive range of turnkey solutions to measure and deepen your understanding of employee sentiment.","robots":{"index":"index","follow":"follow","max-snippet":"max-snippet:-1","max-image-preview":"max-image-preview:large","max-video-preview":"max-video-preview:-1"},"canonical":"https:\/\/balencio.com\/en\/measure\/","og_locale":"en_US","og_type":"article","og_title":"Measuring employee sentiment and expectations","og_description":"Balencio offers you a comprehensive range of turnkey solutions to measure and deepen your understanding of employee sentiment.","og_url":"https:\/\/balencio.com\/en\/measure\/","og_site_name":"Balencio","article_modified_time":"2026-03-24T14:11:00+00:00","twitter_card":"summary_large_image","schema":{"@context":"https:\/\/schema.org","@graph":[{"@type":"WebPage","@id":"https:\/\/balencio.com\/en\/measure\/","url":"https:\/\/balencio.com\/en\/measure\/","name":"Measuring employee sentiment and expectations","isPartOf":{"@id":"https:\/\/balencio.com\/en\/#website"},"primaryImageOfPage":{"@id":"https:\/\/balencio.com\/en\/measure\/#primaryimage"},"image":{"@id":"https:\/\/balencio.com\/en\/measure\/#primaryimage"},"thumbnailUrl":"https:\/\/balencio.com\/wp-content\/uploads\/2023\/06\/plane-green.svg","datePublished":"2023-06-20T15:45:00+00:00","dateModified":"2026-03-24T14:11:00+00:00","description":"Balencio offers you a comprehensive range of turnkey solutions to measure and deepen your understanding of employee sentiment.","breadcrumb":{"@id":"https:\/\/balencio.com\/en\/measure\/#breadcrumb"},"inLanguage":"en-US","potentialAction":[{"@type":"ReadAction","target":["https:\/\/balencio.com\/en\/measure\/"]}]},{"@type":"ImageObject","inLanguage":"en-US","@id":"https:\/\/balencio.com\/en\/measure\/#primaryimage","url":"https:\/\/balencio.com\/wp-content\/uploads\/2023\/06\/plane-green.svg","contentUrl":"https:\/\/balencio.com\/wp-content\/uploads\/2023\/06\/plane-green.svg"},{"@type":"BreadcrumbList","@id":"https:\/\/balencio.com\/en\/measure\/#breadcrumb","itemListElement":[{"@type":"ListItem","position":1,"name":"Home","item":"https:\/\/balencio.com\/en\/"},{"@type":"ListItem","position":2,"name":"Measure"}]},{"@type":"WebSite","@id":"https:\/\/balencio.com\/en\/#website","url":"https:\/\/balencio.com\/en\/","name":"Balencio","description":"Expert en gestion du capital humain","publisher":{"@id":"https:\/\/balencio.com\/en\/#organization"},"potentialAction":[{"@type":"SearchAction","target":{"@type":"EntryPoint","urlTemplate":"https:\/\/balencio.com\/en\/?s={search_term_string}"},"query-input":{"@type":"PropertyValueSpecification","valueRequired":true,"valueName":"search_term_string"}}],"inLanguage":"en-US"},{"@type":"Organization","@id":"https:\/\/balencio.com\/en\/#organization","name":"Balencio","url":"https:\/\/balencio.com\/en\/","logo":{"@type":"ImageObject","inLanguage":"en-US","@id":"https:\/\/balencio.com\/en\/#\/schema\/logo\/image\/","url":"https:\/\/balencio.com\/wp-content\/uploads\/2023\/06\/logo.svg","contentUrl":"https:\/\/balencio.com\/wp-content\/uploads\/2023\/06\/logo.svg","width":"1024","height":"1024","caption":"Balencio"},"image":{"@id":"https:\/\/balencio.com\/en\/#\/schema\/logo\/image\/"},"sameAs":["https:\/\/be.linkedin.com\/company\/balencio"]}]}},"_links":{"self":[{"href":"https:\/\/balencio.com\/en\/wp-json\/wp\/v2\/pages\/3188","targetHints":{"allow":["GET"]}}],"collection":[{"href":"https:\/\/balencio.com\/en\/wp-json\/wp\/v2\/pages"}],"about":[{"href":"https:\/\/balencio.com\/en\/wp-json\/wp\/v2\/types\/page"}],"author":[{"embeddable":true,"href":"https:\/\/balencio.com\/en\/wp-json\/wp\/v2\/users\/3"}],"replies":[{"embeddable":true,"href":"https:\/\/balencio.com\/en\/wp-json\/wp\/v2\/comments?post=3188"}],"version-history":[{"count":7,"href":"https:\/\/balencio.com\/en\/wp-json\/wp\/v2\/pages\/3188\/revisions"}],"predecessor-version":[{"id":8003,"href":"https:\/\/balencio.com\/en\/wp-json\/wp\/v2\/pages\/3188\/revisions\/8003"}],"wp:attachment":[{"href":"https:\/\/balencio.com\/en\/wp-json\/wp\/v2\/media?parent=3188"}],"curies":[{"name":"wp","href":"https:\/\/api.w.org\/{rel}","templated":true}]}}